{"id":1177,"date":"2016-05-23T10:30:12","date_gmt":"2016-05-23T08:30:12","guid":{"rendered":"https:\/\/www.cellersarboc.com\/nosaltres\/"},"modified":"2023-07-11T20:11:58","modified_gmt":"2023-07-11T18:11:58","slug":"nosaltres","status":"publish","type":"page","link":"https:\/\/www.cellersarboc.com\/ca\/nosaltres\/","title":{"rendered":"Nosaltres"},"content":{"rendered":"<div id='welcome'  class='av-layout-grid-container av-7trpt1-1a301c8086d05176d93a8f4984c60572 entry-content-wrapper main_color av-fixed-cells  avia-builder-el-0  el_before_av_layout_row  avia-builder-el-first   container_wrap fullsize'  >\n\n<style type=\"text\/css\" data-created_by=\"avia_inline_auto\" id=\"style-css-av-riykt-0bd088f5702a883f21e62895b575f234\">\n.flex_cell.av-riykt-0bd088f5702a883f21e62895b575f234{\nvertical-align:top;\nheight:15px;\nmin-height:15px;\nbackground-color:#dda759;\n}\n.responsive #top #wrap_all .flex_cell.av-riykt-0bd088f5702a883f21e62895b575f234{\npadding:0px 0px 0px 0px !important;\n}\n<\/style>\n<div class='flex_cell av-riykt-0bd088f5702a883f21e62895b575f234 av-gridrow-cell av_one_full no_margin  avia-builder-el-1  avia-builder-el-no-sibling  content-align-top av-zero-padding'  ><div class='flex_cell_inner'><\/div><\/div>\n<\/div>\n<div id='hello'  class='av-layout-grid-container av-72twzx-0181638d7eddb8623fcb999e878f39b5 entry-content-wrapper main_color av-flex-cells  avia-builder-el-2  el_after_av_layout_row  el_before_av_layout_row  grid-row-not-first  container_wrap fullsize'  >\n\n<style type=\"text\/css\" data-created_by=\"avia_inline_auto\" id=\"style-css-av-6vbu05-2b85be0db783529fba3516b5402bf057\">\n.flex_cell.av-6vbu05-2b85be0db783529fba3516b5402bf057{\nvertical-align:top;\n}\n.responsive #top #wrap_all .flex_cell.av-6vbu05-2b85be0db783529fba3516b5402bf057{\npadding:100px 100px 100px 100px !important;\n}\n<\/style>\n<div class='flex_cell av-6vbu05-2b85be0db783529fba3516b5402bf057 av-gridrow-cell av_one_half no_margin  avia-builder-el-3  el_before_av_cell_one_half  avia-builder-el-first  content-align-top'  ><div class='flex_cell_inner'><p>\n<style type=\"text\/css\" data-created_by=\"avia_inline_auto\" id=\"style-css-av-6p4otp-d4d95c61943498fc154f5c7f7ba8f5b5\">\n#top .av-special-heading.av-6p4otp-d4d95c61943498fc154f5c7f7ba8f5b5{\npadding-bottom:30px;\nfont-size:50px;\n}\nbody .av-special-heading.av-6p4otp-d4d95c61943498fc154f5c7f7ba8f5b5 .av-special-heading-tag .heading-char{\nfont-size:25px;\n}\n#top #wrap_all .av-special-heading.av-6p4otp-d4d95c61943498fc154f5c7f7ba8f5b5 .av-special-heading-tag{\nfont-size:50px;\n}\n.av-special-heading.av-6p4otp-d4d95c61943498fc154f5c7f7ba8f5b5 .av-subheading{\nfont-size:15px;\n}\n\n@media only screen and (min-width: 480px) and (max-width: 767px){ \n#top #wrap_all .av-special-heading.av-6p4otp-d4d95c61943498fc154f5c7f7ba8f5b5 .av-special-heading-tag{\nfont-size:0.8em;\n}\n}\n\n@media only screen and (max-width: 479px){ \n#top #wrap_all .av-special-heading.av-6p4otp-d4d95c61943498fc154f5c7f7ba8f5b5 .av-special-heading-tag{\nfont-size:0.8em;\n}\n}\n<\/style>\n<div  class='av-special-heading av-6p4otp-d4d95c61943498fc154f5c7f7ba8f5b5 av-special-heading-h1 blockquote modern-quote  avia-builder-el-4  el_before_av_textblock  avia-builder-el-first  av-inherit-size'><h1 class='av-special-heading-tag '  itemprop=\"headline\"  >Els <u>Or\u00edgens<\/u><\/h1><div class=\"special-heading-border\"><div class=\"special-heading-inner-border\"><\/div><\/div><\/div><br \/>\n<section  class='av_textblock_section av-6jrx0d-eb112bcbaa7fc42b56148fc3d3c6dc0e '   itemscope=\"itemscope\" itemtype=\"https:\/\/schema.org\/CreativeWork\" ><div class='avia_textblock'  itemprop=\"text\" ><p>En 1919 un petit grup d&#8217;agricultors va fundar Cellers de l&#8217;Arbo\u00e7, situat en el petit poble de l&#8217;Arbo\u00e7, en la zona del Pened\u00e8s, a Catalunya. El celler estava situat en el centre del poble i va ser constru\u00efda seguint l&#8217;estil modernista, propi de l&#8217;\u00e8poca.<\/p>\n<p>El Celler va comen\u00e7ar a vinificar les varietats pr\u00f2pies de la comarca Macabeu, Xarel\u00b7lo, Parellada. Principalment, per elaborar cava, per\u00f2 tamb\u00e9 per tal de produir vins tranquils. Posteriorment, va comen\u00e7ar la vinificaci\u00f3 d\u2019altres varietats com Chardonnay, Cabernet Sauvignon, Ull de llebre i Merlot.<\/p>\n<p>Va ser un dels primers cellers a elaborar i fermentar els vins a baixa temperatura al Pened\u00e8s. Aquesta t\u00e8cnica permet que els vins, que es fan servir per elaborar Cava i vins tranquils mantinguin la frescor i les aromes mediterr\u00e0nies. Aix\u00f2 dona com a resultat una gran qualitat del producte un cop t\u00e9 lloc segona fermentaci\u00f3.<\/p>\n<\/div><\/section><\/p>\n<\/div><\/div>\n<style type=\"text\/css\" data-created_by=\"avia_inline_auto\" id=\"style-css-av-60xs79-aabc3cf3fe349a67c153bfd64ae102dd\">\n.flex_cell.av-60xs79-aabc3cf3fe349a67c153bfd64ae102dd{\nvertical-align:top;\nbackground:url(https:\/\/www.cellersarboc.com\/wp-content\/uploads\/2023\/05\/celler-vista-aerea.jpg) 50% 0% no-repeat scroll #719430;\n}\n.responsive #top #wrap_all .flex_cell.av-60xs79-aabc3cf3fe349a67c153bfd64ae102dd{\npadding:100px 100px 100px 100px !important;\n}\n<\/style>\n<div class='flex_cell av-60xs79-aabc3cf3fe349a67c153bfd64ae102dd av-gridrow-cell av_one_half no_margin  avia-builder-el-6  el_after_av_cell_one_half  avia-builder-el-last  content-align-top avia-full-stretch'  ><div class='flex_cell_inner'><\/div><\/div>\n<\/div>\n<div id='av-layout-grid-3'  class='av-layout-grid-container av-5xi41h-e3e7fc6712040ebc9c46f191ec5666f3 entry-content-wrapper main_color av-flex-cells  avia-builder-el-7  el_after_av_layout_row  el_before_av_layout_row  grid-row-not-first  container_wrap fullsize'  >\n\n<style type=\"text\/css\" data-created_by=\"avia_inline_auto\" id=\"style-css-av-5q8gad-631956716753961f463b4914e22cc461\">\n.flex_cell.av-5q8gad-631956716753961f463b4914e22cc461{\nvertical-align:middle;\nbackground:url(https:\/\/www.cellersarboc.com\/wp-content\/uploads\/2023\/05\/terroir-vinyes_primavera_2020.jpg) 50% 100% no-repeat scroll ;\n}\n.responsive #top #wrap_all .flex_cell.av-5q8gad-631956716753961f463b4914e22cc461{\npadding:0px 0px 0px 0px !important;\n}\n<\/style>\n<div class='flex_cell av-5q8gad-631956716753961f463b4914e22cc461 av-gridrow-cell av_one_half no_margin  avia-builder-el-8  el_before_av_cell_one_half  avia-builder-el-first  content-align-middle av-zero-padding avia-full-stretch'  ><div class='flex_cell_inner'><\/div><\/div>\n<style type=\"text\/css\" data-created_by=\"avia_inline_auto\" id=\"style-css-av-5iztkl-a9bace1ec9be1e4b0e0ef4694be74bb1\">\n.flex_cell.av-5iztkl-a9bace1ec9be1e4b0e0ef4694be74bb1{\nvertical-align:middle;\n}\n.responsive #top #wrap_all .flex_cell.av-5iztkl-a9bace1ec9be1e4b0e0ef4694be74bb1{\npadding:100px 100px 100px 100px !important;\n}\n<\/style>\n<div class='flex_cell av-5iztkl-a9bace1ec9be1e4b0e0ef4694be74bb1 av-gridrow-cell av_one_half no_margin  avia-builder-el-9  el_after_av_cell_one_half  avia-builder-el-last  content-align-middle avia-full-contain'  ><div class='flex_cell_inner'><p>\n<style type=\"text\/css\" data-created_by=\"avia_inline_auto\" id=\"style-css-av-5e1hth-b996f73080520af5ecf0bbc85e5019ff\">\n#top .av-special-heading.av-5e1hth-b996f73080520af5ecf0bbc85e5019ff{\npadding-bottom:20px;\nfont-size:50px;\n}\nbody .av-special-heading.av-5e1hth-b996f73080520af5ecf0bbc85e5019ff .av-special-heading-tag .heading-char{\nfont-size:25px;\n}\n#top #wrap_all .av-special-heading.av-5e1hth-b996f73080520af5ecf0bbc85e5019ff .av-special-heading-tag{\nfont-size:50px;\n}\n.av-special-heading.av-5e1hth-b996f73080520af5ecf0bbc85e5019ff .av-subheading{\nfont-size:15px;\n}\n\n@media only screen and (min-width: 480px) and (max-width: 767px){ \n#top #wrap_all .av-special-heading.av-5e1hth-b996f73080520af5ecf0bbc85e5019ff .av-special-heading-tag{\nfont-size:0.8em;\n}\n}\n\n@media only screen and (max-width: 479px){ \n#top #wrap_all .av-special-heading.av-5e1hth-b996f73080520af5ecf0bbc85e5019ff .av-special-heading-tag{\nfont-size:0.8em;\n}\n}\n<\/style>\n<div  class='av-special-heading av-5e1hth-b996f73080520af5ecf0bbc85e5019ff av-special-heading-h1 blockquote modern-quote  avia-builder-el-10  el_before_av_textblock  avia-builder-el-first  av-inherit-size'><h1 class='av-special-heading-tag '  itemprop=\"headline\"  ><u>En<\/u> l\u2019Actualitat<\/h1><div class=\"special-heading-border\"><div class=\"special-heading-inner-border\"><\/div><\/div><\/div><br \/>\n<section  class='av_textblock_section av-58qjl9-48b94d92f4687879c52782588b6d0938 '   itemscope=\"itemscope\" itemtype=\"https:\/\/schema.org\/CreativeWork\" ><div class='avia_textblock'  itemprop=\"text\" ><p>En l&#8217;actualitat, Cellers de l&#8217;Arbo\u00e7 est\u00e0 format per uns 400 socis que tenen cura d\u2019unes 1.000 hect\u00e0rees de vinya. Amb el pas dels anys, Cellers de l&#8217;Arbo\u00e7 s\u2019han professionalitzat i elevat els est\u00e0ndards de qualitat dels seus productes.<\/p>\n<p>2006 va ser un any clau per la hist\u00f2ria de Cellers de l\u2019Arbo\u00e7. \u00a0Va ser en aquest moment quan traslladen la seva ubicaci\u00f3 a un nou edifici molt m\u00e9s modern i amb la tecnologia m\u00e9s puntera. Aquesta gran inversi\u00f3 es va traduir en un canvi en la seva estrat\u00e8gia operativa esdevenint un dels principals elaboradors de la zona.<\/p>\n<\/div><\/section><\/p>\n<\/div><\/div>\n<\/div>\n<div id='av-layout-grid-4'  class='av-layout-grid-container av-mhxlp-e56992cc167605645ccdcea25e5fe9b3 entry-content-wrapper main_color av-flex-cells  avia-builder-el-12  el_after_av_layout_row  el_before_av_layout_row  grid-row-not-first  container_wrap fullsize'  >\n\n<style type=\"text\/css\" data-created_by=\"avia_inline_auto\" id=\"style-css-av-dslid-99cacc3e10d42f3dca109345a407d47c\">\n.flex_cell.av-dslid-99cacc3e10d42f3dca109345a407d47c{\nvertical-align:middle;\n}\n.responsive #top #wrap_all .flex_cell.av-dslid-99cacc3e10d42f3dca109345a407d47c{\npadding:100px 100px 100px 100px !important;\n}\n<\/style>\n<div class='flex_cell av-dslid-99cacc3e10d42f3dca109345a407d47c av-gridrow-cell av_one_half no_margin  avia-builder-el-13  el_before_av_cell_one_half  avia-builder-el-first  content-align-middle avia-full-contain'  ><div class='flex_cell_inner'><p>\n<style type=\"text\/css\" data-created_by=\"avia_inline_auto\" id=\"style-css-av-lhtf3bas-3da30db7d33e452e22ac704efd5ca336\">\n#top .av-special-heading.av-lhtf3bas-3da30db7d33e452e22ac704efd5ca336{\npadding-bottom:20px;\nfont-size:50px;\n}\nbody .av-special-heading.av-lhtf3bas-3da30db7d33e452e22ac704efd5ca336 .av-special-heading-tag .heading-char{\nfont-size:25px;\n}\n#top #wrap_all .av-special-heading.av-lhtf3bas-3da30db7d33e452e22ac704efd5ca336 .av-special-heading-tag{\nfont-size:50px;\n}\n.av-special-heading.av-lhtf3bas-3da30db7d33e452e22ac704efd5ca336 .av-subheading{\nfont-size:15px;\n}\n\n@media only screen and (min-width: 480px) and (max-width: 767px){ \n#top #wrap_all .av-special-heading.av-lhtf3bas-3da30db7d33e452e22ac704efd5ca336 .av-special-heading-tag{\nfont-size:0.8em;\n}\n}\n\n@media only screen and (max-width: 479px){ \n#top #wrap_all .av-special-heading.av-lhtf3bas-3da30db7d33e452e22ac704efd5ca336 .av-special-heading-tag{\nfont-size:0.8em;\n}\n}\n<\/style>\n<div  class='av-special-heading av-lhtf3bas-3da30db7d33e452e22ac704efd5ca336 av-special-heading-h1 blockquote modern-quote  avia-builder-el-14  el_before_av_textblock  avia-builder-el-first  av-inherit-size'><h1 class='av-special-heading-tag '  itemprop=\"headline\"  >El <u>Terroir<\/u><\/h1><div class=\"special-heading-border\"><div class=\"special-heading-inner-border\"><\/div><\/div><\/div><br \/>\n<section  class='av_textblock_section av-6v9fh-ebd013bc93178b4c3b90600d7b08bdc6 '   itemscope=\"itemscope\" itemtype=\"https:\/\/schema.org\/CreativeWork\" ><div class='avia_textblock'  itemprop=\"text\" ><p>El terroir de l&#8217;Arbo\u00e7 \u00e9s un element clau que determina la qualitat i el car\u00e0cter \u00fanic dels vins produ\u00efts en aquesta regi\u00f3 de Catalunya, Espanya. El clima mediterrani amb influ\u00e8ncies continentals, els s\u00f2ls calcaris i argilencs aix\u00ed com la topografia muntanyenca amb terrasses de cultiu, creen condicions ideals per aquestes varietats de ra\u00efm aut\u00f2ctones. La combinaci\u00f3 d&#8217;aquests factors, juntament amb les t\u00e8cniques tradicionals de cultiu i elaboraci\u00f3 del cava donen com a resultat uns productes complexos i amb personalitat que es caracteritzen per l\u2019equilibri i els seus aromes. El terroir de l&#8217;Arbo\u00e7 \u00e9s un veritable tresor enol\u00f2gic que ha estat valorat pels productors i els amants del vi durant segles.<\/p>\n<\/div><\/section><\/p>\n<\/div><\/div>\n<style type=\"text\/css\" data-created_by=\"avia_inline_auto\" id=\"style-css-av-lhtf12fc-0f7d972d5baffc63d67e47e66c19723d\">\n.flex_cell.av-lhtf12fc-0f7d972d5baffc63d67e47e66c19723d{\nvertical-align:middle;\nbackground:url(https:\/\/www.cellersarboc.com\/wp-content\/uploads\/2023\/06\/nosotros-terroir.jpg) 50% 0% no-repeat scroll ;\n}\n<\/style>\n<div class='flex_cell av-lhtf12fc-0f7d972d5baffc63d67e47e66c19723d av-gridrow-cell av_one_half no_margin  avia-builder-el-16  el_after_av_cell_one_half  avia-builder-el-last  content-align-middle avia-full-stretch'  ><div class='flex_cell_inner'><\/div><\/div>\n<\/div>\n<div id='welcome'  class='av-layout-grid-container av-51seyl-86a89de4edf3f6c813e6b7141a1ddd13 entry-content-wrapper main_color av-fixed-cells  avia-builder-el-17  el_after_av_layout_row  avia-builder-el-last  grid-row-not-first  container_wrap fullsize'  >\n\n<style type=\"text\/css\" data-created_by=\"avia_inline_auto\" id=\"style-css-av-4vwbxh-1d9e832f0d7062bbb97e261a36831b46\">\n.flex_cell.av-4vwbxh-1d9e832f0d7062bbb97e261a36831b46{\nvertical-align:top;\nheight:15px;\nmin-height:15px;\nbackground-color:#dda759;\n}\n.responsive #top #wrap_all .flex_cell.av-4vwbxh-1d9e832f0d7062bbb97e261a36831b46{\npadding:0px 0px 0px 0px !important;\n}\n<\/style>\n<div class='flex_cell av-4vwbxh-1d9e832f0d7062bbb97e261a36831b46 av-gridrow-cell av_one_full no_margin  avia-builder-el-18  avia-builder-el-no-sibling  content-align-top av-zero-padding'  ><div class='flex_cell_inner'><\/div><\/div>\n<\/div>\n","protected":false},"excerpt":{"rendered":"","protected":false},"author":2,"featured_media":0,"parent":0,"menu_order":2,"comment_status":"closed","ping_status":"closed","template":"","meta":{"footnotes":""},"class_list":["post-1177","page","type-page","status-publish","hentry"],"yoast_head":"<!-- This site is optimized with the Yoast SEO plugin v26.1 - https:\/\/yoast.com\/wordpress\/plugins\/seo\/ -->\n<title>Nosaltres - Cellers de l&#039;Arbo\u00e7<\/title>\n<meta name=\"robots\" content=\"index, follow, max-snippet:-1, max-image-preview:large, max-video-preview:-1\" \/>\n<link rel=\"canonical\" href=\"https:\/\/www.cellersarboc.com\/ca\/nosaltres\/\" \/>\n<meta property=\"og:locale\" content=\"ca_ES\" \/>\n<meta property=\"og:type\" content=\"article\" \/>\n<meta property=\"og:title\" content=\"Nosaltres - Cellers de l&#039;Arbo\u00e7\" \/>\n<meta property=\"og:url\" content=\"https:\/\/www.cellersarboc.com\/ca\/nosaltres\/\" \/>\n<meta property=\"og:site_name\" content=\"Cellers de l&#039;Arbo\u00e7\" \/>\n<meta property=\"article:modified_time\" content=\"2023-07-11T18:11:58+00:00\" \/>\n<meta name=\"twitter:card\" content=\"summary_large_image\" \/>\n<meta name=\"twitter:label1\" content=\"Temps estimat de lectura\" \/>\n\t<meta name=\"twitter:data1\" content=\"5 minuts\" \/>\n<script type=\"application\/ld+json\" class=\"yoast-schema-graph\">{\"@context\":\"https:\/\/schema.org\",\"@graph\":[{\"@type\":\"WebPage\",\"@id\":\"https:\/\/www.cellersarboc.com\/ca\/nosaltres\/\",\"url\":\"https:\/\/www.cellersarboc.com\/ca\/nosaltres\/\",\"name\":\"Nosaltres - Cellers de l&#039;Arbo\u00e7\",\"isPartOf\":{\"@id\":\"https:\/\/www.cellersarboc.com\/ca\/#website\"},\"datePublished\":\"2016-05-23T08:30:12+00:00\",\"dateModified\":\"2023-07-11T18:11:58+00:00\",\"breadcrumb\":{\"@id\":\"https:\/\/www.cellersarboc.com\/ca\/nosaltres\/#breadcrumb\"},\"inLanguage\":\"ca\",\"potentialAction\":[{\"@type\":\"ReadAction\",\"target\":[\"https:\/\/www.cellersarboc.com\/ca\/nosaltres\/\"]}]},{\"@type\":\"BreadcrumbList\",\"@id\":\"https:\/\/www.cellersarboc.com\/ca\/nosaltres\/#breadcrumb\",\"itemListElement\":[{\"@type\":\"ListItem\",\"position\":1,\"name\":\"Portada\",\"item\":\"https:\/\/www.cellersarboc.com\/ca\/inici\/\"},{\"@type\":\"ListItem\",\"position\":2,\"name\":\"Nosaltres\"}]},{\"@type\":\"WebSite\",\"@id\":\"https:\/\/www.cellersarboc.com\/ca\/#website\",\"url\":\"https:\/\/www.cellersarboc.com\/ca\/\",\"name\":\"Cellers de l&#039;Arbo\u00e7\",\"description\":\"\",\"potentialAction\":[{\"@type\":\"SearchAction\",\"target\":{\"@type\":\"EntryPoint\",\"urlTemplate\":\"https:\/\/www.cellersarboc.com\/ca\/?s={search_term_string}\"},\"query-input\":{\"@type\":\"PropertyValueSpecification\",\"valueRequired\":true,\"valueName\":\"search_term_string\"}}],\"inLanguage\":\"ca\"}]}<\/script>\n<!-- \/ Yoast SEO plugin. -->","yoast_head_json":{"title":"Nosaltres - Cellers de l&#039;Arbo\u00e7","robots":{"index":"index","follow":"follow","max-snippet":"max-snippet:-1","max-image-preview":"max-image-preview:large","max-video-preview":"max-video-preview:-1"},"canonical":"https:\/\/www.cellersarboc.com\/ca\/nosaltres\/","og_locale":"ca_ES","og_type":"article","og_title":"Nosaltres - Cellers de l&#039;Arbo\u00e7","og_url":"https:\/\/www.cellersarboc.com\/ca\/nosaltres\/","og_site_name":"Cellers de l&#039;Arbo\u00e7","article_modified_time":"2023-07-11T18:11:58+00:00","twitter_card":"summary_large_image","twitter_misc":{"Temps estimat de lectura":"5 minuts"},"schema":{"@context":"https:\/\/schema.org","@graph":[{"@type":"WebPage","@id":"https:\/\/www.cellersarboc.com\/ca\/nosaltres\/","url":"https:\/\/www.cellersarboc.com\/ca\/nosaltres\/","name":"Nosaltres - Cellers de l&#039;Arbo\u00e7","isPartOf":{"@id":"https:\/\/www.cellersarboc.com\/ca\/#website"},"datePublished":"2016-05-23T08:30:12+00:00","dateModified":"2023-07-11T18:11:58+00:00","breadcrumb":{"@id":"https:\/\/www.cellersarboc.com\/ca\/nosaltres\/#breadcrumb"},"inLanguage":"ca","potentialAction":[{"@type":"ReadAction","target":["https:\/\/www.cellersarboc.com\/ca\/nosaltres\/"]}]},{"@type":"BreadcrumbList","@id":"https:\/\/www.cellersarboc.com\/ca\/nosaltres\/#breadcrumb","itemListElement":[{"@type":"ListItem","position":1,"name":"Portada","item":"https:\/\/www.cellersarboc.com\/ca\/inici\/"},{"@type":"ListItem","position":2,"name":"Nosaltres"}]},{"@type":"WebSite","@id":"https:\/\/www.cellersarboc.com\/ca\/#website","url":"https:\/\/www.cellersarboc.com\/ca\/","name":"Cellers de l&#039;Arbo\u00e7","description":"","potentialAction":[{"@type":"SearchAction","target":{"@type":"EntryPoint","urlTemplate":"https:\/\/www.cellersarboc.com\/ca\/?s={search_term_string}"},"query-input":{"@type":"PropertyValueSpecification","valueRequired":true,"valueName":"search_term_string"}}],"inLanguage":"ca"}]}},"_links":{"self":[{"href":"https:\/\/www.cellersarboc.com\/ca\/wp-json\/wp\/v2\/pages\/1177","targetHints":{"allow":["GET"]}}],"collection":[{"href":"https:\/\/www.cellersarboc.com\/ca\/wp-json\/wp\/v2\/pages"}],"about":[{"href":"https:\/\/www.cellersarboc.com\/ca\/wp-json\/wp\/v2\/types\/page"}],"author":[{"embeddable":true,"href":"https:\/\/www.cellersarboc.com\/ca\/wp-json\/wp\/v2\/users\/2"}],"replies":[{"embeddable":true,"href":"https:\/\/www.cellersarboc.com\/ca\/wp-json\/wp\/v2\/comments?post=1177"}],"version-history":[{"count":2,"href":"https:\/\/www.cellersarboc.com\/ca\/wp-json\/wp\/v2\/pages\/1177\/revisions"}],"predecessor-version":[{"id":1179,"href":"https:\/\/www.cellersarboc.com\/ca\/wp-json\/wp\/v2\/pages\/1177\/revisions\/1179"}],"wp:attachment":[{"href":"https:\/\/www.cellersarboc.com\/ca\/wp-json\/wp\/v2\/media?parent=1177"}],"curies":[{"name":"wp","href":"https:\/\/api.w.org\/{rel}","templated":true}]}}