{"id":1186,"date":"2016-05-23T10:32:02","date_gmt":"2016-05-23T08:32:02","guid":{"rendered":"https:\/\/www.cellersarboc.com\/bloc\/"},"modified":"2023-07-11T20:14:03","modified_gmt":"2023-07-11T18:14:03","slug":"bloc","status":"publish","type":"page","link":"https:\/\/www.cellersarboc.com\/ca\/bloc\/","title":{"rendered":"Bloc"},"content":{"rendered":"<div id='welcome'  class='av-layout-grid-container av-yborn-db8c80fc7c96f8364aaf9d1e8877fe17 entry-content-wrapper main_color av-fixed-cells  avia-builder-el-0  el_before_av_section  avia-builder-el-first   container_wrap fullsize'  >\n\n<style type=\"text\/css\" data-created_by=\"avia_inline_auto\" id=\"style-css-av-s06yb-986f03c296dee3a3cd2fe1f7338b544d\">\n.flex_cell.av-s06yb-986f03c296dee3a3cd2fe1f7338b544d{\nvertical-align:top;\nheight:15px;\nmin-height:15px;\nbackground-color:#dda759;\n}\n.responsive #top #wrap_all .flex_cell.av-s06yb-986f03c296dee3a3cd2fe1f7338b544d{\npadding:0px 0px 0px 0px !important;\n}\n<\/style>\n<div class='flex_cell av-s06yb-986f03c296dee3a3cd2fe1f7338b544d av-gridrow-cell av_one_full no_margin  avia-builder-el-1  avia-builder-el-no-sibling  content-align-top av-zero-padding'  ><div class='flex_cell_inner'><\/div><\/div>\n<\/div>\n<div id='av_section_1'  class='avia-section av-lilg3snr-3b53147df480c65ce45954cc1a496d53 main_color avia-section-large avia-no-border-styling  avia-builder-el-2  el_after_av_layout_row  el_before_av_layout_row  avia-bg-style-scroll container_wrap fullsize'  ><div class='container av-section-cont-open' ><div class='template-page content  av-content-full alpha units'><div class='post-entry post-entry-type-page post-entry-1186'><div class='entry-content-wrapper clearfix'>\n\n<style type=\"text\/css\" data-created_by=\"avia_inline_auto\" id=\"style-css-av-lilg2rf0-f9d63b4f3abb7e3569225262ec1c4855\">\n#top .av-special-heading.av-lilg2rf0-f9d63b4f3abb7e3569225262ec1c4855{\nmargin:0 0 50px 0;\npadding-bottom:10px;\nfont-size:50px;\n}\nbody .av-special-heading.av-lilg2rf0-f9d63b4f3abb7e3569225262ec1c4855 .av-special-heading-tag .heading-char{\nfont-size:25px;\n}\n#top #wrap_all .av-special-heading.av-lilg2rf0-f9d63b4f3abb7e3569225262ec1c4855 .av-special-heading-tag{\nfont-size:50px;\n}\n.av-special-heading.av-lilg2rf0-f9d63b4f3abb7e3569225262ec1c4855 .av-subheading{\nfont-size:15px;\n}\n\n@media only screen and (min-width: 480px) and (max-width: 767px){ \n#top #wrap_all .av-special-heading.av-lilg2rf0-f9d63b4f3abb7e3569225262ec1c4855 .av-special-heading-tag{\nfont-size:0.8em;\n}\n}\n\n@media only screen and (max-width: 479px){ \n#top #wrap_all .av-special-heading.av-lilg2rf0-f9d63b4f3abb7e3569225262ec1c4855 .av-special-heading-tag{\nfont-size:0.8em;\n}\n}\n<\/style>\n<div  class='av-special-heading av-lilg2rf0-f9d63b4f3abb7e3569225262ec1c4855 av-special-heading-h1 blockquote modern-quote modern-centered  avia-builder-el-3  el_before_av_blog  avia-builder-el-first  av-inherit-size'><h1 class='av-special-heading-tag '  itemprop=\"headline\"  >Bloc<\/h1><div class=\"special-heading-border\"><div class=\"special-heading-inner-border\"><\/div><\/div><\/div>\n<div  data-slideshow-options=\"{&quot;animation&quot;:&quot;fade&quot;,&quot;autoplay&quot;:false,&quot;loop_autoplay&quot;:&quot;once&quot;,&quot;interval&quot;:5,&quot;loop_manual&quot;:&quot;manual-endless&quot;,&quot;autoplay_stopper&quot;:false,&quot;noNavigation&quot;:false,&quot;show_slide_delay&quot;:90}\" class='avia-content-slider avia-content-grid-active avia-content-slider1 avia-content-slider-odd  avia-builder-el-4  el_after_av_heading  avia-builder-el-last  homepage-blog av-slideshow-ui av-control-default   av-no-slider-navigation av-slideshow-manual av-loop-once av-loop-manual-endless '  itemscope=\"itemscope\" itemtype=\"https:\/\/schema.org\/Blog\" ><div class=\"avia-content-slider-inner\"><div class=\"slide-entry-wrap\"><article class='slide-entry flex_column  post-entry post-entry-1211 slide-entry-overview slide-loop-1 slide-parity-odd  av_one_third first real-thumbnail posttype-post post-format-standard'  itemscope=\"itemscope\" itemtype=\"https:\/\/schema.org\/CreativeWork\" ><a href='https:\/\/www.cellersarboc.com\/ca\/descobreix-els-diferents-tipus-de-cava\/' data-rel='slide-1' class='slide-image' title='Descobreix els diferents tipus de cava'><img decoding=\"async\" fetchpriority=\"high\" width=\"495\" height=\"400\" src=\"https:\/\/www.cellersarboc.com\/wp-content\/uploads\/2023\/05\/champagne-girl-s-hands-2-495x400.jpg\" class=\"wp-image-1028 avia-img-lazy-loading-not-1028 attachment-portfolio size-portfolio wp-post-image\" alt=\"\" \/><\/a><div class=\"slide-content\"><header class=\"entry-content-header\" aria-label=\"Slide: Descobreix els diferents tipus de cava\"><span class=\"blog-categories minor-meta\"><a href=\"https:\/\/www.cellersarboc.com\/ca\/category\/bloc\/\" rel=\"tag\">Bloc<\/a> <\/span><h3 class='slide-entry-title entry-title '  itemprop=\"headline\" ><a href='https:\/\/www.cellersarboc.com\/ca\/descobreix-els-diferents-tipus-de-cava\/' title='Descobreix els diferents tipus de cava'>Descobreix els diferents tipus de cava<\/a><\/h3><span class=\"av-vertical-delimiter\"><\/span><\/header><div class='slide-entry-excerpt entry-content'  itemprop=\"text\" >Al Celler Arbo\u00e7, estem orgullosos de presentar-vos una \u00e0mplia varietat de caves, cadascun amb les seves caracter\u00edstiques \u00faniques i encant.<div class=\"read-more-link\"><a href=\"https:\/\/www.cellersarboc.com\/ca\/descobreix-els-diferents-tipus-de-cava\/\" class=\"more-link\">Llegir m\u00e9s<span class='more-link-arrow avia-svg-icon avia-font-svg_entypo-fontello' data-av_svg_icon='right-open-big' data-av_iconset='svg_entypo-fontello'><svg version=\"1.1\" xmlns=\"http:\/\/www.w3.org\/2000\/svg\" width=\"15\" height=\"32\" viewBox=\"0 0 15 32\" preserveAspectRatio=\"xMidYMid meet\" role=\"graphics-symbol\" aria-hidden=\"true\">\n<path d=\"M0.416 27.84l11.456-11.84-11.456-11.904q-0.832-0.832 0-1.536 0.832-0.832 1.536 0l12.544 12.608q0.768 0.832 0 1.6l-12.544 12.608q-0.704 0.832-1.536 0-0.832-0.704 0-1.536z\"><\/path>\n<\/svg><\/span><\/a><\/div><\/div><\/div><footer class=\"entry-footer\"><div class=\"slide-meta\"><time class='slide-meta-time updated'  itemprop=\"datePublished\" datetime=\"2023-05-18T19:10:42+02:00\" >18 de maig de 2023<\/time><\/div><\/footer><span class='hidden'>\n\t\t\t\t<span class='av-structured-data'  itemprop=\"image\" itemscope=\"itemscope\" itemtype=\"https:\/\/schema.org\/ImageObject\" >\n\t\t\t\t\t\t<span itemprop='url'>https:\/\/www.cellersarboc.com\/wp-content\/uploads\/2023\/05\/champagne-girl-s-hands-2.jpg<\/span>\n\t\t\t\t\t\t<span itemprop='height'>667<\/span>\n\t\t\t\t\t\t<span itemprop='width'>1000<\/span>\n\t\t\t\t<\/span>\n\t\t\t\t<span class='av-structured-data'  itemprop=\"publisher\" itemtype=\"https:\/\/schema.org\/Organization\" itemscope=\"itemscope\" >\n\t\t\t\t\t\t<span itemprop='name'>Empatica<\/span>\n\t\t\t\t\t\t<span itemprop='logo' itemscope itemtype='https:\/\/schema.org\/ImageObject'>\n\t\t\t\t\t\t\t<span itemprop='url'>https:\/\/www.cellersarboc.com\/wp-content\/uploads\/2023\/05\/cellersarboc-logo-black.png<\/span>\n\t\t\t\t\t\t<\/span>\n\t\t\t\t<\/span><span class='av-structured-data'  itemprop=\"author\" itemscope=\"itemscope\" itemtype=\"https:\/\/schema.org\/Person\" ><span itemprop='name'>Empatica<\/span><\/span><span class='av-structured-data'  itemprop=\"datePublished\" datetime=\"2016-05-23T10:32:02+02:00\" >2023-05-18 19:10:42<\/span><span class='av-structured-data'  itemprop=\"dateModified\" itemtype=\"https:\/\/schema.org\/dateModified\" >2023-07-11 20:31:47<\/span><span class='av-structured-data'  itemprop=\"mainEntityOfPage\" itemtype=\"https:\/\/schema.org\/mainEntityOfPage\" ><span itemprop='name'>Descobreix els diferents tipus de cava<\/span><\/span><\/span><\/article><article class='slide-entry flex_column  post-entry post-entry-1214 slide-entry-overview slide-loop-2 slide-parity-even  av_one_third  real-thumbnail posttype-post post-format-standard'  itemscope=\"itemscope\" itemtype=\"https:\/\/schema.org\/CreativeWork\" ><a href='https:\/\/www.cellersarboc.com\/ca\/coneix-els-aliments-que-mariden-a-la-perfeccio-amb-un-cava-rosat\/' data-rel='slide-1' class='slide-image' title='Coneix els aliments que mariden a la perfecci\u00f3 amb un cava rosat'><img decoding=\"async\" fetchpriority=\"high\" width=\"495\" height=\"400\" src=\"https:\/\/www.cellersarboc.com\/wp-content\/uploads\/2023\/05\/two-young-beautiful-smiling-hipster-female-trendy-summer-clothescarefree-women-posing-veranda-cafe-streetpositive-models-drinking-white-vine-hatenjoying-their-vacation-495x400.jpg\" class=\"wp-image-1026 avia-img-lazy-loading-not-1026 attachment-portfolio size-portfolio wp-post-image\" alt=\"\" srcset=\"https:\/\/www.cellersarboc.com\/wp-content\/uploads\/2023\/05\/two-young-beautiful-smiling-hipster-female-trendy-summer-clothescarefree-women-posing-veranda-cafe-streetpositive-models-drinking-white-vine-hatenjoying-their-vacation-495x400.jpg 495w, https:\/\/www.cellersarboc.com\/wp-content\/uploads\/2023\/05\/two-young-beautiful-smiling-hipster-female-trendy-summer-clothescarefree-women-posing-veranda-cafe-streetpositive-models-drinking-white-vine-hatenjoying-their-vacation-845x684.jpg 845w\" sizes=\"(max-width: 495px) 100vw, 495px\" \/><\/a><div class=\"slide-content\"><header class=\"entry-content-header\" aria-label=\"Slide: Coneix els aliments que mariden a la perfecci\u00f3 amb un cava rosat\"><span class=\"blog-categories minor-meta\"><a href=\"https:\/\/www.cellersarboc.com\/ca\/category\/bloc\/\" rel=\"tag\">Bloc<\/a> <\/span><h3 class='slide-entry-title entry-title '  itemprop=\"headline\" ><a href='https:\/\/www.cellersarboc.com\/ca\/coneix-els-aliments-que-mariden-a-la-perfeccio-amb-un-cava-rosat\/' title='Coneix els aliments que mariden a la perfecci\u00f3 amb un cava rosat'>Coneix els aliments que mariden a la perfecci\u00f3 amb un cava rosat<\/a><\/h3><span class=\"av-vertical-delimiter\"><\/span><\/header><div class='slide-entry-excerpt entry-content'  itemprop=\"text\" >El nostre cava rosat elaborat amb la varietat aut\u00f2ctona trepat captiva amb la seva personalitat \u00fanica i seductora.<div class=\"read-more-link\"><a href=\"https:\/\/www.cellersarboc.com\/ca\/coneix-els-aliments-que-mariden-a-la-perfeccio-amb-un-cava-rosat\/\" class=\"more-link\">Llegir m\u00e9s<span class='more-link-arrow avia-svg-icon avia-font-svg_entypo-fontello' data-av_svg_icon='right-open-big' data-av_iconset='svg_entypo-fontello'><svg version=\"1.1\" xmlns=\"http:\/\/www.w3.org\/2000\/svg\" width=\"15\" height=\"32\" viewBox=\"0 0 15 32\" preserveAspectRatio=\"xMidYMid meet\" role=\"graphics-symbol\" aria-hidden=\"true\">\n<path d=\"M0.416 27.84l11.456-11.84-11.456-11.904q-0.832-0.832 0-1.536 0.832-0.832 1.536 0l12.544 12.608q0.768 0.832 0 1.6l-12.544 12.608q-0.704 0.832-1.536 0-0.832-0.704 0-1.536z\"><\/path>\n<\/svg><\/span><\/a><\/div><\/div><\/div><footer class=\"entry-footer\"><div class=\"slide-meta\"><time class='slide-meta-time updated'  itemprop=\"datePublished\" datetime=\"2023-05-18T19:08:52+02:00\" >18 de maig de 2023<\/time><\/div><\/footer><span class='hidden'>\n\t\t\t\t<span class='av-structured-data'  itemprop=\"image\" itemscope=\"itemscope\" itemtype=\"https:\/\/schema.org\/ImageObject\" >\n\t\t\t\t\t\t<span itemprop='url'>https:\/\/www.cellersarboc.com\/wp-content\/uploads\/2023\/05\/two-young-beautiful-smiling-hipster-female-trendy-summer-clothescarefree-women-posing-veranda-cafe-streetpositive-models-drinking-white-vine-hatenjoying-their-vacation.jpg<\/span>\n\t\t\t\t\t\t<span itemprop='height'>750<\/span>\n\t\t\t\t\t\t<span itemprop='width'>1000<\/span>\n\t\t\t\t<\/span>\n\t\t\t\t<span class='av-structured-data'  itemprop=\"publisher\" itemtype=\"https:\/\/schema.org\/Organization\" itemscope=\"itemscope\" >\n\t\t\t\t\t\t<span itemprop='name'>Empatica<\/span>\n\t\t\t\t\t\t<span itemprop='logo' itemscope itemtype='https:\/\/schema.org\/ImageObject'>\n\t\t\t\t\t\t\t<span itemprop='url'>https:\/\/www.cellersarboc.com\/wp-content\/uploads\/2023\/05\/cellersarboc-logo-black.png<\/span>\n\t\t\t\t\t\t<\/span>\n\t\t\t\t<\/span><span class='av-structured-data'  itemprop=\"author\" itemscope=\"itemscope\" itemtype=\"https:\/\/schema.org\/Person\" ><span itemprop='name'>Empatica<\/span><\/span><span class='av-structured-data'  itemprop=\"datePublished\" datetime=\"2016-05-23T10:32:02+02:00\" >2023-05-18 19:08:52<\/span><span class='av-structured-data'  itemprop=\"dateModified\" itemtype=\"https:\/\/schema.org\/dateModified\" >2023-07-11 20:32:15<\/span><span class='av-structured-data'  itemprop=\"mainEntityOfPage\" itemtype=\"https:\/\/schema.org\/mainEntityOfPage\" ><span itemprop='name'>Coneix els aliments que mariden a la perfecci\u00f3 amb un cava rosat<\/span><\/span><\/span><\/article><article class='slide-entry flex_column  post-entry post-entry-1217 slide-entry-overview slide-loop-3 slide-parity-odd  post-entry-last  av_one_third  real-thumbnail posttype-post post-format-standard'  itemscope=\"itemscope\" itemtype=\"https:\/\/schema.org\/CreativeWork\" ><a href='https:\/\/www.cellersarboc.com\/ca\/quin-es-el-cava-ideal-per-un-brunch-tho-descobrim\/' data-rel='slide-1' class='slide-image' title='Propostes per fer un Brunch amb Cava'><img decoding=\"async\" fetchpriority=\"high\" width=\"495\" height=\"400\" src=\"https:\/\/www.cellersarboc.com\/wp-content\/uploads\/2014\/08\/woman-eating-vegan-chia-pudding-495x400.jpg\" class=\"wp-image-1024 avia-img-lazy-loading-not-1024 attachment-portfolio size-portfolio wp-post-image\" alt=\"\" srcset=\"https:\/\/www.cellersarboc.com\/wp-content\/uploads\/2014\/08\/woman-eating-vegan-chia-pudding-495x400.jpg 495w, https:\/\/www.cellersarboc.com\/wp-content\/uploads\/2014\/08\/woman-eating-vegan-chia-pudding-845x684.jpg 845w\" sizes=\"(max-width: 495px) 100vw, 495px\" \/><\/a><div class=\"slide-content\"><header class=\"entry-content-header\" aria-label=\"Slide: Propostes per fer un Brunch amb Cava\"><span class=\"blog-categories minor-meta\"><a href=\"https:\/\/www.cellersarboc.com\/ca\/category\/bloc\/\" rel=\"tag\">Bloc<\/a> <\/span><h3 class='slide-entry-title entry-title '  itemprop=\"headline\" ><a href='https:\/\/www.cellersarboc.com\/ca\/quin-es-el-cava-ideal-per-un-brunch-tho-descobrim\/' title='Propostes per fer un Brunch amb Cava'>Propostes per fer un Brunch amb Cava<\/a><\/h3><span class=\"av-vertical-delimiter\"><\/span><\/header><div class='slide-entry-excerpt entry-content'  itemprop=\"text\" >Avui us proposem una experi\u00e8ncia culin\u00e0ria \u00fanica: un brunch acompanyat d'un bon cava. Aquesta combinaci\u00f3 \u00e9s perfecta per a gaudir d'un mat\u00ed relaxat i una experi\u00e8ncia sofisticada.<div class=\"read-more-link\"><a href=\"https:\/\/www.cellersarboc.com\/ca\/quin-es-el-cava-ideal-per-un-brunch-tho-descobrim\/\" class=\"more-link\">Llegir m\u00e9s<span class='more-link-arrow avia-svg-icon avia-font-svg_entypo-fontello' data-av_svg_icon='right-open-big' data-av_iconset='svg_entypo-fontello'><svg version=\"1.1\" xmlns=\"http:\/\/www.w3.org\/2000\/svg\" width=\"15\" height=\"32\" viewBox=\"0 0 15 32\" preserveAspectRatio=\"xMidYMid meet\" role=\"graphics-symbol\" aria-hidden=\"true\">\n<path d=\"M0.416 27.84l11.456-11.84-11.456-11.904q-0.832-0.832 0-1.536 0.832-0.832 1.536 0l12.544 12.608q0.768 0.832 0 1.6l-12.544 12.608q-0.704 0.832-1.536 0-0.832-0.704 0-1.536z\"><\/path>\n<\/svg><\/span><\/a><\/div><\/div><\/div><footer class=\"entry-footer\"><div class=\"slide-meta\"><time class='slide-meta-time updated'  itemprop=\"datePublished\" datetime=\"2014-08-24T18:56:26+02:00\" >24 d'agost de 2014<\/time><\/div><\/footer><span class='hidden'>\n\t\t\t\t<span class='av-structured-data'  itemprop=\"image\" itemscope=\"itemscope\" itemtype=\"https:\/\/schema.org\/ImageObject\" >\n\t\t\t\t\t\t<span itemprop='url'>https:\/\/www.cellersarboc.com\/wp-content\/uploads\/2014\/08\/woman-eating-vegan-chia-pudding-scaled.jpg<\/span>\n\t\t\t\t\t\t<span itemprop='height'>1707<\/span>\n\t\t\t\t\t\t<span itemprop='width'>2560<\/span>\n\t\t\t\t<\/span>\n\t\t\t\t<span class='av-structured-data'  itemprop=\"publisher\" itemtype=\"https:\/\/schema.org\/Organization\" itemscope=\"itemscope\" >\n\t\t\t\t\t\t<span itemprop='name'>Empatica<\/span>\n\t\t\t\t\t\t<span itemprop='logo' itemscope itemtype='https:\/\/schema.org\/ImageObject'>\n\t\t\t\t\t\t\t<span itemprop='url'>https:\/\/www.cellersarboc.com\/wp-content\/uploads\/2023\/05\/cellersarboc-logo-black.png<\/span>\n\t\t\t\t\t\t<\/span>\n\t\t\t\t<\/span><span class='av-structured-data'  itemprop=\"author\" itemscope=\"itemscope\" itemtype=\"https:\/\/schema.org\/Person\" ><span itemprop='name'>Empatica<\/span><\/span><span class='av-structured-data'  itemprop=\"datePublished\" datetime=\"2016-05-23T10:32:02+02:00\" >2014-08-24 18:56:26<\/span><span class='av-structured-data'  itemprop=\"dateModified\" itemtype=\"https:\/\/schema.org\/dateModified\" >2023-07-11 20:32:46<\/span><span class='av-structured-data'  itemprop=\"mainEntityOfPage\" itemtype=\"https:\/\/schema.org\/mainEntityOfPage\" ><span itemprop='name'>Propostes per fer un Brunch amb Cava<\/span><\/span><\/span><\/article><\/div><\/div><\/div>\n\n<\/div><\/div><\/div><!-- close content main div --><\/div><\/div><div id='welcome'  class='av-layout-grid-container av-jti5n-b2f77da7e954991070d6b72626019f5b entry-content-wrapper main_color av-fixed-cells  avia-builder-el-5  el_after_av_section  el_before_av_section  grid-row-not-first  container_wrap fullsize'  >\n\n<style type=\"text\/css\" data-created_by=\"avia_inline_auto\" id=\"style-css-av-f2tv7-f7608e8b662bab66c26631febcd567d4\">\n.flex_cell.av-f2tv7-f7608e8b662bab66c26631febcd567d4{\nvertical-align:top;\nheight:15px;\nmin-height:15px;\nbackground-color:#dda759;\n}\n.responsive #top #wrap_all .flex_cell.av-f2tv7-f7608e8b662bab66c26631febcd567d4{\npadding:0px 0px 0px 0px !important;\n}\n<\/style>\n<div class='flex_cell av-f2tv7-f7608e8b662bab66c26631febcd567d4 av-gridrow-cell av_one_full no_margin  avia-builder-el-6  avia-builder-el-no-sibling  content-align-top av-zero-padding'  ><div class='flex_cell_inner'><\/div><\/div>\n<\/div>\n\n<style type=\"text\/css\" data-created_by=\"avia_inline_auto\" id=\"style-css-av-9sy7v-25dad3220228970ccd3eefb4e7069970\">\n.avia-section.av-9sy7v-25dad3220228970ccd3eefb4e7069970{\nbackground-repeat:no-repeat;\nbackground-image:url(https:\/\/www.cellersarboc.com\/wp-content\/uploads\/2023\/06\/footer-vineyard-1.jpg);\nbackground-position:50% 0%;\nbackground-attachment:scroll;\n}\n.avia-section.av-9sy7v-25dad3220228970ccd3eefb4e7069970 .av-section-color-overlay{\nopacity:0.2;\nbackground-color:#dda759;\n}\n<\/style>\n<div id='av_section_2'  class='avia-section av-9sy7v-25dad3220228970ccd3eefb4e7069970 main_color avia-section-huge avia-no-border-styling  avia-builder-el-7  el_after_av_layout_row  avia-builder-el-last  avia-full-stretch avia-bg-style-scroll av-section-color-overlay-active container_wrap fullsize'  data-section-bg-repeat='stretch'><div class=\"av-section-color-overlay-wrap\"><div class=\"av-section-color-overlay\"><\/div><div class='container av-section-cont-open' ><div class='template-page content  av-content-full alpha units'><div class='post-entry post-entry-type-page post-entry-1186'><div class='entry-content-wrapper clearfix'>\n","protected":false},"excerpt":{"rendered":"","protected":false},"author":2,"featured_media":0,"parent":0,"menu_order":5,"comment_status":"closed","ping_status":"closed","template":"","meta":{"footnotes":""},"class_list":["post-1186","page","type-page","status-publish","hentry"],"yoast_head":"<!-- This site is optimized with the Yoast SEO plugin v26.1 - https:\/\/yoast.com\/wordpress\/plugins\/seo\/ -->\n<title>Bloc - Cellers de l&#039;Arbo\u00e7<\/title>\n<meta name=\"robots\" content=\"index, follow, max-snippet:-1, max-image-preview:large, max-video-preview:-1\" \/>\n<link rel=\"canonical\" href=\"https:\/\/www.cellersarboc.com\/ca\/bloc\/\" \/>\n<meta property=\"og:locale\" content=\"ca_ES\" \/>\n<meta property=\"og:type\" content=\"article\" \/>\n<meta property=\"og:title\" content=\"Bloc - Cellers de l&#039;Arbo\u00e7\" \/>\n<meta property=\"og:url\" content=\"https:\/\/www.cellersarboc.com\/ca\/bloc\/\" \/>\n<meta property=\"og:site_name\" content=\"Cellers de l&#039;Arbo\u00e7\" \/>\n<meta property=\"article:modified_time\" content=\"2023-07-11T18:14:03+00:00\" \/>\n<meta name=\"twitter:card\" content=\"summary_large_image\" \/>\n<script type=\"application\/ld+json\" class=\"yoast-schema-graph\">{\"@context\":\"https:\/\/schema.org\",\"@graph\":[{\"@type\":\"WebPage\",\"@id\":\"https:\/\/www.cellersarboc.com\/ca\/bloc\/\",\"url\":\"https:\/\/www.cellersarboc.com\/ca\/bloc\/\",\"name\":\"Bloc - Cellers de l&#039;Arbo\u00e7\",\"isPartOf\":{\"@id\":\"https:\/\/www.cellersarboc.com\/ca\/#website\"},\"datePublished\":\"2016-05-23T08:32:02+00:00\",\"dateModified\":\"2023-07-11T18:14:03+00:00\",\"breadcrumb\":{\"@id\":\"https:\/\/www.cellersarboc.com\/ca\/bloc\/#breadcrumb\"},\"inLanguage\":\"ca\",\"potentialAction\":[{\"@type\":\"ReadAction\",\"target\":[\"https:\/\/www.cellersarboc.com\/ca\/bloc\/\"]}]},{\"@type\":\"BreadcrumbList\",\"@id\":\"https:\/\/www.cellersarboc.com\/ca\/bloc\/#breadcrumb\",\"itemListElement\":[{\"@type\":\"ListItem\",\"position\":1,\"name\":\"Portada\",\"item\":\"https:\/\/www.cellersarboc.com\/ca\/inici\/\"},{\"@type\":\"ListItem\",\"position\":2,\"name\":\"Bloc\"}]},{\"@type\":\"WebSite\",\"@id\":\"https:\/\/www.cellersarboc.com\/ca\/#website\",\"url\":\"https:\/\/www.cellersarboc.com\/ca\/\",\"name\":\"Cellers de l&#039;Arbo\u00e7\",\"description\":\"\",\"potentialAction\":[{\"@type\":\"SearchAction\",\"target\":{\"@type\":\"EntryPoint\",\"urlTemplate\":\"https:\/\/www.cellersarboc.com\/ca\/?s={search_term_string}\"},\"query-input\":{\"@type\":\"PropertyValueSpecification\",\"valueRequired\":true,\"valueName\":\"search_term_string\"}}],\"inLanguage\":\"ca\"}]}<\/script>\n<!-- \/ Yoast SEO plugin. -->","yoast_head_json":{"title":"Bloc - Cellers de l&#039;Arbo\u00e7","robots":{"index":"index","follow":"follow","max-snippet":"max-snippet:-1","max-image-preview":"max-image-preview:large","max-video-preview":"max-video-preview:-1"},"canonical":"https:\/\/www.cellersarboc.com\/ca\/bloc\/","og_locale":"ca_ES","og_type":"article","og_title":"Bloc - Cellers de l&#039;Arbo\u00e7","og_url":"https:\/\/www.cellersarboc.com\/ca\/bloc\/","og_site_name":"Cellers de l&#039;Arbo\u00e7","article_modified_time":"2023-07-11T18:14:03+00:00","twitter_card":"summary_large_image","schema":{"@context":"https:\/\/schema.org","@graph":[{"@type":"WebPage","@id":"https:\/\/www.cellersarboc.com\/ca\/bloc\/","url":"https:\/\/www.cellersarboc.com\/ca\/bloc\/","name":"Bloc - Cellers de l&#039;Arbo\u00e7","isPartOf":{"@id":"https:\/\/www.cellersarboc.com\/ca\/#website"},"datePublished":"2016-05-23T08:32:02+00:00","dateModified":"2023-07-11T18:14:03+00:00","breadcrumb":{"@id":"https:\/\/www.cellersarboc.com\/ca\/bloc\/#breadcrumb"},"inLanguage":"ca","potentialAction":[{"@type":"ReadAction","target":["https:\/\/www.cellersarboc.com\/ca\/bloc\/"]}]},{"@type":"BreadcrumbList","@id":"https:\/\/www.cellersarboc.com\/ca\/bloc\/#breadcrumb","itemListElement":[{"@type":"ListItem","position":1,"name":"Portada","item":"https:\/\/www.cellersarboc.com\/ca\/inici\/"},{"@type":"ListItem","position":2,"name":"Bloc"}]},{"@type":"WebSite","@id":"https:\/\/www.cellersarboc.com\/ca\/#website","url":"https:\/\/www.cellersarboc.com\/ca\/","name":"Cellers de l&#039;Arbo\u00e7","description":"","potentialAction":[{"@type":"SearchAction","target":{"@type":"EntryPoint","urlTemplate":"https:\/\/www.cellersarboc.com\/ca\/?s={search_term_string}"},"query-input":{"@type":"PropertyValueSpecification","valueRequired":true,"valueName":"search_term_string"}}],"inLanguage":"ca"}]}},"_links":{"self":[{"href":"https:\/\/www.cellersarboc.com\/ca\/wp-json\/wp\/v2\/pages\/1186","targetHints":{"allow":["GET"]}}],"collection":[{"href":"https:\/\/www.cellersarboc.com\/ca\/wp-json\/wp\/v2\/pages"}],"about":[{"href":"https:\/\/www.cellersarboc.com\/ca\/wp-json\/wp\/v2\/types\/page"}],"author":[{"embeddable":true,"href":"https:\/\/www.cellersarboc.com\/ca\/wp-json\/wp\/v2\/users\/2"}],"replies":[{"embeddable":true,"href":"https:\/\/www.cellersarboc.com\/ca\/wp-json\/wp\/v2\/comments?post=1186"}],"version-history":[{"count":2,"href":"https:\/\/www.cellersarboc.com\/ca\/wp-json\/wp\/v2\/pages\/1186\/revisions"}],"predecessor-version":[{"id":1188,"href":"https:\/\/www.cellersarboc.com\/ca\/wp-json\/wp\/v2\/pages\/1186\/revisions\/1188"}],"wp:attachment":[{"href":"https:\/\/www.cellersarboc.com\/ca\/wp-json\/wp\/v2\/media?parent=1186"}],"curies":[{"name":"wp","href":"https:\/\/api.w.org\/{rel}","templated":true}]}}