{"id":1192,"date":"2023-06-05T19:33:42","date_gmt":"2023-06-05T17:33:42","guid":{"rendered":"https:\/\/www.cellersarboc.com\/avis-legal\/"},"modified":"2023-07-11T20:15:12","modified_gmt":"2023-07-11T18:15:12","slug":"avis-legal","status":"publish","type":"page","link":"https:\/\/www.cellersarboc.com\/ca\/avis-legal\/","title":{"rendered":"Av\u00eds legal"},"content":{"rendered":"<div id='welcome'  class='av-layout-grid-container av-b4hv-3c302876d7d8cb9d1da8109155416110 entry-content-wrapper main_color av-fixed-cells  avia-builder-el-0  el_before_av_section  avia-builder-el-first   container_wrap fullsize'  >\n\n<style type=\"text\/css\" data-created_by=\"avia_inline_auto\" id=\"style-css-av-ano1-58a5a2c455df50b065968b4fa5dcd59b\">\n.flex_cell.av-ano1-58a5a2c455df50b065968b4fa5dcd59b{\nvertical-align:top;\nheight:15px;\nmin-height:15px;\nbackground-color:#dda759;\n}\n.responsive #top #wrap_all .flex_cell.av-ano1-58a5a2c455df50b065968b4fa5dcd59b{\npadding:0px 0px 0px 0px !important;\n}\n<\/style>\n<div class='flex_cell av-ano1-58a5a2c455df50b065968b4fa5dcd59b av-gridrow-cell av_one_full no_margin  avia-builder-el-1  avia-builder-el-no-sibling  content-align-top av-zero-padding'  ><div class='flex_cell_inner'><\/div><\/div>\n<\/div>\n<div id='av_section_1'  class='avia-section av-8jjr-56a1990864a58c86dec99ccb0b870fbc main_color avia-section-default avia-no-border-styling  avia-builder-el-2  el_after_av_layout_row  el_before_av_layout_row  avia-bg-style-scroll container_wrap fullsize'  ><div class='container av-section-cont-open' ><div class='template-page content  av-content-full alpha units'><div class='post-entry post-entry-type-page post-entry-1192'><div class='entry-content-wrapper clearfix'>\n\n<style type=\"text\/css\" data-created_by=\"avia_inline_auto\" id=\"style-css-av-liirzs51-8d17e4d287f1c8e151a9eea14e2d9660\">\n#top .av-special-heading.av-liirzs51-8d17e4d287f1c8e151a9eea14e2d9660{\npadding-bottom:10px;\nfont-size:50px;\n}\nbody .av-special-heading.av-liirzs51-8d17e4d287f1c8e151a9eea14e2d9660 .av-special-heading-tag .heading-char{\nfont-size:25px;\n}\n#top #wrap_all .av-special-heading.av-liirzs51-8d17e4d287f1c8e151a9eea14e2d9660 .av-special-heading-tag{\nfont-size:50px;\n}\n.av-special-heading.av-liirzs51-8d17e4d287f1c8e151a9eea14e2d9660 .av-subheading{\nfont-size:15px;\n}\n\n@media only screen and (min-width: 480px) and (max-width: 767px){ \n#top #wrap_all .av-special-heading.av-liirzs51-8d17e4d287f1c8e151a9eea14e2d9660 .av-special-heading-tag{\nfont-size:0.8em;\n}\n}\n\n@media only screen and (max-width: 479px){ \n#top #wrap_all .av-special-heading.av-liirzs51-8d17e4d287f1c8e151a9eea14e2d9660 .av-special-heading-tag{\nfont-size:0.8em;\n}\n}\n<\/style>\n<div  class='av-special-heading av-liirzs51-8d17e4d287f1c8e151a9eea14e2d9660 av-special-heading-h1 blockquote modern-quote  avia-builder-el-3  el_before_av_textblock  avia-builder-el-first  av-inherit-size'><h1 class='av-special-heading-tag '  itemprop=\"headline\"  >Av\u00eds <u>legal<\/u><\/h1><div class=\"special-heading-border\"><div class=\"special-heading-inner-border\"><\/div><\/div><\/div>\n<section  class='av_textblock_section av-liis1lyx-2e6ba3d03daf9da451bfa0c9ef9d6832 '   itemscope=\"itemscope\" itemtype=\"https:\/\/schema.org\/CreativeWork\" ><div class='avia_textblock'  itemprop=\"text\" ><p><strong>Identificaci\u00f3<\/strong><br \/>\nEn compliment amb el deure d\u2019informaci\u00f3 recollit a l\u2019article 10 de la Llei 34\/2002, d\u201911 de juliol, de Serveis de la Societat de la Informaci\u00f3 i del Comer\u00e7 Electr\u00f2nic,CASTELL D\u2019OR, S.L. (CASTELL D\u2019OR, S.L.), l\u2019informa que les dades aqu\u00ed consignades corresponen a l\u2019entitat titular del lloc web\u00a0<a href=\"https:\/\/www.cellersarboc.com\/\">www.cellersarboc.com<\/a><br \/>\n<strong>Denominaci\u00f3:<\/strong>\u00a0CASTELL D\u2019OR, S.L.<br \/>\n<strong>Domicili:<\/strong>\u00a0Crta. de Santes Creus s\/n. Cp: 43814 Vila-rodona. Tarragona.<i class=\"fa fa-phone\" aria-hidden=\"true\"><\/i><br \/>\n<strong>Tel\u00e8fon:<\/strong>\u00a0+ 34 977 45 98 60<br \/>\n<strong>Email<\/strong>: castelldor@castelldor.com<br \/>\n<strong>CIF:<\/strong>\u00a0B43821149<br \/>\nInscripci\u00f3 registral: \u00a0Tom44150 \u2013 Foli 0021 \u2013 Secc. General. Full 448 175 \u2013 Inscrip 11<\/p>\n<p><strong>Propietat intel\u00b7lectual i industrial<\/strong><br \/>\nTots els drets de Propietat Industrial i Intel\u00b7lectual de la totalitat d\u2019elements contiguts en aquest lloc web, incloses les marques comercials, formats, dissenys gr\u00e0fics, textos, imatges i documents, pertanyen a CASTELL D\u2019OR, S.L. i es troben protegits per les lleis espanyoles i internacionals sobre propietat intel\u00b7lectual i industrial. Resta expressament prohibida la reproducci\u00f3 total o parcial d\u2019aquest lloc Web i de qualsevol dels seus continguts sense el prem\u00eds expr\u00e9s i per escrit de CASTELL D\u2019OR, S.L..<\/p>\n<p>L\u2019acc\u00e9s al lloc web no implica cap tipus de ren\u00fancia, transmissi\u00f3, llic\u00e8ncia o cessi\u00f3 de drets per part de CASTELL D\u2019OR, S.L., llevat que s\u2019estableixi expressament el contrari.<\/p>\n<p><strong>Condicions d\u2019\u00fas<\/strong><br \/>\nL\u2019acc\u00e9s a aquest lloc Web implica l\u2019acceptaci\u00f3 d\u2019aquestes condicions d\u2019\u00fas sense reserves, les quals regulen l\u2019acc\u00e9s i la utilitzaci\u00f3 del mateix amb la finalitat de posar a disposici\u00f3 dels usuaris informaci\u00f3 sobre els nostres productes.<\/p>\n<p>Es prohibeix expressament la utilitzaci\u00f3 dels continguts d\u2019aquest lloc Web amb finalitats comercials o per a la seva distribuci\u00f3, transformaci\u00f3 o comunicaci\u00f3.<br \/>\nCASTELL D\u2019OR, S.L., no respondr\u00e0 de cap conseq\u00fc\u00e8ncia, dany o perjudici que pugui derivar-se d\u2019aquesta utilitzaci\u00f3 o \u00fas de la informaci\u00f3.<br \/>\nCASTELL D\u2019OR, S.L. P. 3 CASTELL D\u2019OR, S.L.<br \/>\nTant l\u2019acc\u00e9s a aquesta Web com l\u2019\u00fas que pugui fer-se de la informaci\u00f3 continguda en ella \u00e9s de l\u2019exclusiva responsabilitat de qui ho realitza.<\/p>\n<p>L\u2019usuari s\u2019obliga a no fer servir la informaci\u00f3 que es publica a aquesta Web amb finalitats o efectes il\u00b7l\u00edcits o lesius, a no fer malb\u00e9 o inutilitzar la informaci\u00f3 i a no dur a terme cap altra acci\u00f3 que pugui ser contr\u00e0ria al contingut d\u2019aques Av\u00eds Legal.<\/p>\n<p>CASTELL D\u2019OR, S.L. no pot assegurar la inexist\u00e8ncia d\u2019interrupcions o errades en l\u2019acc\u00e9s a aquest lloc WEb, encara que posar\u00e0 tots els esfor\u00e7os per tal d\u2019evitar-los.<\/p>\n<p><strong>Enlla\u00e7os a altres webs<\/strong><br \/>\nEls enlla\u00e7os (links) que pugui trobar en aquest Web s\u00f3n un servei als usuaris. Aquestes p\u00e0gines no s\u00f3n operades ni controlades per CASTELL D\u2019OR, S.L., per aix\u00f2, no es fa responsable dels continguts d\u2019aquests llocs Web ni estan cobertes pel present Av\u00eds Legal. Si accedeix a aquestes p\u00e0gines Web haur\u00e0 de tenir en compte que les seves pol\u00edtiques de privacitat poder ser diferents de la nostra.<\/p>\n<p><strong>Legislaci\u00f3 aplicable i compet\u00e8ncia jurisdiccional<\/strong><br \/>\nEl present Av\u00eds Legal es regeix per la normativa espanyola vigent que li \u00e9s d\u2019aplicaci\u00f3.<br \/>\nPer a la resoluci\u00f3 de les controv\u00e8rsies que poguessin derivar-se com a conseq\u00fc\u00e8ncia d\u2019all\u00f2 disposat a les presents isposicions i sobre la seva interpretaci\u00f3, aplicaci\u00f3 i compliment, l\u2019usuari, en virtud del que es disposa a les presents disposicions i sobre la seva interpretaci\u00f3, aplicaci\u00f3 i compliment, l\u2019usuari, en vitutd de l\u2019acceptaci\u00f3 de les condicions recollides en aquest Av\u00eds Legal, renuncia expresament a qualsevol altre fur que pugui correspondre-li.<\/p>\n<p>En qualsevol cas, dins la jurisdicci\u00f3 espanyola, si la legislaci\u00f3 permet\u00e9s sotmetre\u2019s a un fur concret, l\u2019usuari renuncia expressament al fur que li pogu\u00e9s correspondre i es sotmet volunt\u00e0riament a la jurisdicci\u00f3 dels Jutjats i Tribunals de Vilafranca del Pened\u00e8s.<\/p>\n<\/div><\/section>\n\n<\/div><\/div><\/div><!-- close content main div --><\/div><\/div><div id='welcome'  class='av-layout-grid-container av-k3f-bd21777d648cb5f8a4dabf9d2f25b651 entry-content-wrapper main_color av-fixed-cells  avia-builder-el-5  el_after_av_section  el_before_av_section  grid-row-not-first  container_wrap fullsize'  >\n\n<style type=\"text\/css\" data-created_by=\"avia_inline_auto\" id=\"style-css-av-2oox-de5081775d287cccbf3f4706e8ae6fc9\">\n.flex_cell.av-2oox-de5081775d287cccbf3f4706e8ae6fc9{\nvertical-align:top;\nheight:15px;\nmin-height:15px;\nbackground-color:#dda759;\n}\n.responsive #top #wrap_all .flex_cell.av-2oox-de5081775d287cccbf3f4706e8ae6fc9{\npadding:0px 0px 0px 0px !important;\n}\n<\/style>\n<div class='flex_cell av-2oox-de5081775d287cccbf3f4706e8ae6fc9 av-gridrow-cell av_one_full no_margin  avia-builder-el-6  avia-builder-el-no-sibling  content-align-top av-zero-padding'  ><div class='flex_cell_inner'><\/div><\/div>\n<\/div>\n\n<style type=\"text\/css\" data-created_by=\"avia_inline_auto\" id=\"style-css-av-7i7i2-fb1da12f576190341559e8e9a1813fe4\">\n.avia-section.av-7i7i2-fb1da12f576190341559e8e9a1813fe4{\nbackground-repeat:no-repeat;\nbackground-image:url(https:\/\/www.cellersarboc.com\/wp-content\/uploads\/2023\/06\/footer-vineyard-1.jpg);\nbackground-position:50% 0%;\nbackground-attachment:scroll;\n}\n.avia-section.av-7i7i2-fb1da12f576190341559e8e9a1813fe4 .av-section-color-overlay{\nopacity:0.2;\nbackground-color:#dda759;\n}\n<\/style>\n<div id='av_section_2'  class='avia-section av-7i7i2-fb1da12f576190341559e8e9a1813fe4 main_color avia-section-huge avia-no-border-styling  avia-builder-el-7  el_after_av_layout_row  avia-builder-el-last  avia-full-stretch avia-bg-style-scroll av-section-color-overlay-active container_wrap fullsize'  data-section-bg-repeat='stretch'><div class=\"av-section-color-overlay-wrap\"><div class=\"av-section-color-overlay\"><\/div><div class='container av-section-cont-open' ><div class='template-page content  av-content-full alpha units'><div class='post-entry post-entry-type-page post-entry-1192'><div class='entry-content-wrapper clearfix'>\n","protected":false},"excerpt":{"rendered":"","protected":false},"author":2,"featured_media":0,"parent":0,"menu_order":20,"comment_status":"closed","ping_status":"closed","template":"","meta":{"footnotes":""},"class_list":["post-1192","page","type-page","status-publish","hentry"],"yoast_head":"<!-- This site is optimized with the Yoast SEO plugin v26.1 - https:\/\/yoast.com\/wordpress\/plugins\/seo\/ -->\n<title>Av\u00eds legal - Cellers de l&#039;Arbo\u00e7<\/title>\n<meta name=\"robots\" content=\"index, follow, max-snippet:-1, max-image-preview:large, max-video-preview:-1\" \/>\n<link rel=\"canonical\" href=\"https:\/\/www.cellersarboc.com\/ca\/avis-legal\/\" \/>\n<meta property=\"og:locale\" content=\"ca_ES\" \/>\n<meta property=\"og:type\" content=\"article\" \/>\n<meta property=\"og:title\" content=\"Av\u00eds legal - Cellers de l&#039;Arbo\u00e7\" \/>\n<meta property=\"og:url\" content=\"https:\/\/www.cellersarboc.com\/ca\/avis-legal\/\" \/>\n<meta property=\"og:site_name\" content=\"Cellers de l&#039;Arbo\u00e7\" \/>\n<meta property=\"article:modified_time\" content=\"2023-07-11T18:15:12+00:00\" \/>\n<meta name=\"twitter:card\" content=\"summary_large_image\" \/>\n<script type=\"application\/ld+json\" class=\"yoast-schema-graph\">{\"@context\":\"https:\/\/schema.org\",\"@graph\":[{\"@type\":\"WebPage\",\"@id\":\"https:\/\/www.cellersarboc.com\/ca\/avis-legal\/\",\"url\":\"https:\/\/www.cellersarboc.com\/ca\/avis-legal\/\",\"name\":\"Av\u00eds legal - Cellers de l&#039;Arbo\u00e7\",\"isPartOf\":{\"@id\":\"https:\/\/www.cellersarboc.com\/ca\/#website\"},\"datePublished\":\"2023-06-05T17:33:42+00:00\",\"dateModified\":\"2023-07-11T18:15:12+00:00\",\"breadcrumb\":{\"@id\":\"https:\/\/www.cellersarboc.com\/ca\/avis-legal\/#breadcrumb\"},\"inLanguage\":\"ca\",\"potentialAction\":[{\"@type\":\"ReadAction\",\"target\":[\"https:\/\/www.cellersarboc.com\/ca\/avis-legal\/\"]}]},{\"@type\":\"BreadcrumbList\",\"@id\":\"https:\/\/www.cellersarboc.com\/ca\/avis-legal\/#breadcrumb\",\"itemListElement\":[{\"@type\":\"ListItem\",\"position\":1,\"name\":\"Portada\",\"item\":\"https:\/\/www.cellersarboc.com\/ca\/inici\/\"},{\"@type\":\"ListItem\",\"position\":2,\"name\":\"Av\u00eds legal\"}]},{\"@type\":\"WebSite\",\"@id\":\"https:\/\/www.cellersarboc.com\/ca\/#website\",\"url\":\"https:\/\/www.cellersarboc.com\/ca\/\",\"name\":\"Cellers de l&#039;Arbo\u00e7\",\"description\":\"\",\"potentialAction\":[{\"@type\":\"SearchAction\",\"target\":{\"@type\":\"EntryPoint\",\"urlTemplate\":\"https:\/\/www.cellersarboc.com\/ca\/?s={search_term_string}\"},\"query-input\":{\"@type\":\"PropertyValueSpecification\",\"valueRequired\":true,\"valueName\":\"search_term_string\"}}],\"inLanguage\":\"ca\"}]}<\/script>\n<!-- \/ Yoast SEO plugin. -->","yoast_head_json":{"title":"Av\u00eds legal - Cellers de l&#039;Arbo\u00e7","robots":{"index":"index","follow":"follow","max-snippet":"max-snippet:-1","max-image-preview":"max-image-preview:large","max-video-preview":"max-video-preview:-1"},"canonical":"https:\/\/www.cellersarboc.com\/ca\/avis-legal\/","og_locale":"ca_ES","og_type":"article","og_title":"Av\u00eds legal - Cellers de l&#039;Arbo\u00e7","og_url":"https:\/\/www.cellersarboc.com\/ca\/avis-legal\/","og_site_name":"Cellers de l&#039;Arbo\u00e7","article_modified_time":"2023-07-11T18:15:12+00:00","twitter_card":"summary_large_image","schema":{"@context":"https:\/\/schema.org","@graph":[{"@type":"WebPage","@id":"https:\/\/www.cellersarboc.com\/ca\/avis-legal\/","url":"https:\/\/www.cellersarboc.com\/ca\/avis-legal\/","name":"Av\u00eds legal - Cellers de l&#039;Arbo\u00e7","isPartOf":{"@id":"https:\/\/www.cellersarboc.com\/ca\/#website"},"datePublished":"2023-06-05T17:33:42+00:00","dateModified":"2023-07-11T18:15:12+00:00","breadcrumb":{"@id":"https:\/\/www.cellersarboc.com\/ca\/avis-legal\/#breadcrumb"},"inLanguage":"ca","potentialAction":[{"@type":"ReadAction","target":["https:\/\/www.cellersarboc.com\/ca\/avis-legal\/"]}]},{"@type":"BreadcrumbList","@id":"https:\/\/www.cellersarboc.com\/ca\/avis-legal\/#breadcrumb","itemListElement":[{"@type":"ListItem","position":1,"name":"Portada","item":"https:\/\/www.cellersarboc.com\/ca\/inici\/"},{"@type":"ListItem","position":2,"name":"Av\u00eds legal"}]},{"@type":"WebSite","@id":"https:\/\/www.cellersarboc.com\/ca\/#website","url":"https:\/\/www.cellersarboc.com\/ca\/","name":"Cellers de l&#039;Arbo\u00e7","description":"","potentialAction":[{"@type":"SearchAction","target":{"@type":"EntryPoint","urlTemplate":"https:\/\/www.cellersarboc.com\/ca\/?s={search_term_string}"},"query-input":{"@type":"PropertyValueSpecification","valueRequired":true,"valueName":"search_term_string"}}],"inLanguage":"ca"}]}},"_links":{"self":[{"href":"https:\/\/www.cellersarboc.com\/ca\/wp-json\/wp\/v2\/pages\/1192","targetHints":{"allow":["GET"]}}],"collection":[{"href":"https:\/\/www.cellersarboc.com\/ca\/wp-json\/wp\/v2\/pages"}],"about":[{"href":"https:\/\/www.cellersarboc.com\/ca\/wp-json\/wp\/v2\/types\/page"}],"author":[{"embeddable":true,"href":"https:\/\/www.cellersarboc.com\/ca\/wp-json\/wp\/v2\/users\/2"}],"replies":[{"embeddable":true,"href":"https:\/\/www.cellersarboc.com\/ca\/wp-json\/wp\/v2\/comments?post=1192"}],"version-history":[{"count":2,"href":"https:\/\/www.cellersarboc.com\/ca\/wp-json\/wp\/v2\/pages\/1192\/revisions"}],"predecessor-version":[{"id":1194,"href":"https:\/\/www.cellersarboc.com\/ca\/wp-json\/wp\/v2\/pages\/1192\/revisions\/1194"}],"wp:attachment":[{"href":"https:\/\/www.cellersarboc.com\/ca\/wp-json\/wp\/v2\/media?parent=1192"}],"curies":[{"name":"wp","href":"https:\/\/api.w.org\/{rel}","templated":true}]}}