{"id":1195,"date":"2023-06-06T09:48:03","date_gmt":"2023-06-06T07:48:03","guid":{"rendered":"https:\/\/www.cellersarboc.com\/politica-de-cookies\/"},"modified":"2023-07-11T20:25:02","modified_gmt":"2023-07-11T18:25:02","slug":"politica-de-cookies","status":"publish","type":"page","link":"https:\/\/www.cellersarboc.com\/ca\/politica-de-cookies\/","title":{"rendered":"Pol\u00edtica de cookies"},"content":{"rendered":"<div id='welcome'  class='av-layout-grid-container av-b4hv-3c302876d7d8cb9d1da8109155416110 entry-content-wrapper main_color av-fixed-cells  avia-builder-el-0  el_before_av_section  avia-builder-el-first   container_wrap fullsize'  >\n\n<style type=\"text\/css\" data-created_by=\"avia_inline_auto\" id=\"style-css-av-ano1-58a5a2c455df50b065968b4fa5dcd59b\">\n.flex_cell.av-ano1-58a5a2c455df50b065968b4fa5dcd59b{\nvertical-align:top;\nheight:15px;\nmin-height:15px;\nbackground-color:#dda759;\n}\n.responsive #top #wrap_all .flex_cell.av-ano1-58a5a2c455df50b065968b4fa5dcd59b{\npadding:0px 0px 0px 0px !important;\n}\n<\/style>\n<div class='flex_cell av-ano1-58a5a2c455df50b065968b4fa5dcd59b av-gridrow-cell av_one_full no_margin  avia-builder-el-1  avia-builder-el-no-sibling  content-align-top av-zero-padding'  ><div class='flex_cell_inner'><\/div><\/div>\n<\/div>\n<div id='av_section_1'  class='avia-section av-8jjr-56a1990864a58c86dec99ccb0b870fbc main_color avia-section-default avia-no-border-styling  avia-builder-el-2  el_after_av_layout_row  el_before_av_layout_row  avia-bg-style-scroll container_wrap fullsize'  ><div class='container av-section-cont-open' ><div class='template-page content  av-content-full alpha units'><div class='post-entry post-entry-type-page post-entry-1195'><div class='entry-content-wrapper clearfix'>\n\n<style type=\"text\/css\" data-created_by=\"avia_inline_auto\" id=\"style-css-av-liirzs51-aaf739cc6c461f1c4b6ea07d686c42ab\">\n#top .av-special-heading.av-liirzs51-aaf739cc6c461f1c4b6ea07d686c42ab{\npadding-bottom:10px;\nfont-size:50px;\n}\nbody .av-special-heading.av-liirzs51-aaf739cc6c461f1c4b6ea07d686c42ab .av-special-heading-tag .heading-char{\nfont-size:25px;\n}\n#top #wrap_all .av-special-heading.av-liirzs51-aaf739cc6c461f1c4b6ea07d686c42ab .av-special-heading-tag{\nfont-size:50px;\n}\n.av-special-heading.av-liirzs51-aaf739cc6c461f1c4b6ea07d686c42ab .av-subheading{\nfont-size:15px;\n}\n\n@media only screen and (min-width: 480px) and (max-width: 767px){ \n#top #wrap_all .av-special-heading.av-liirzs51-aaf739cc6c461f1c4b6ea07d686c42ab .av-special-heading-tag{\nfont-size:0.8em;\n}\n}\n\n@media only screen and (max-width: 479px){ \n#top #wrap_all .av-special-heading.av-liirzs51-aaf739cc6c461f1c4b6ea07d686c42ab .av-special-heading-tag{\nfont-size:0.8em;\n}\n}\n<\/style>\n<div  class='av-special-heading av-liirzs51-aaf739cc6c461f1c4b6ea07d686c42ab av-special-heading-h1 blockquote modern-quote  avia-builder-el-3  el_before_av_textblock  avia-builder-el-first  av-inherit-size'><h1 class='av-special-heading-tag '  itemprop=\"headline\"  >Pol\u00edtica de <u>cookies<\/u><\/h1><div class=\"special-heading-border\"><div class=\"special-heading-inner-border\"><\/div><\/div><\/div>\n<section  class='av_textblock_section av-liis1lyx-2e6ba3d03daf9da451bfa0c9ef9d6832 '   itemscope=\"itemscope\" itemtype=\"https:\/\/schema.org\/CreativeWork\" ><div class='avia_textblock'  itemprop=\"text\" ><div class='av-privacy-popup-button-wrap '><a href='#' class='avia-button avia-cookie-consent-button av-extra-cookie-btn avia-cookie-info-btn ' >Modificar la configuraci\u00f3 de l&#8217;\u00fas de les cookies<\/a><\/div>\n<p>A causa de l&#8217;entrada en vigor de la modificaci\u00f3 de la &#8220;Llei de Serveis de la Societat de la Informaci\u00f3&#8221; (LSSICE) establerta pel Reial Decret 13\/2012, \u00e9s d&#8217;obligaci\u00f3 obtenir el consentiment expr\u00e9s de l&#8217;usuari de totes les p\u00e0gines web que utilitzen <em>cookies<\/em>\u00a0abans que aquest navegui per elles.<\/p>\n<p><strong>Qu\u00e8 s\u00f3n les <em>cookies<\/em>?<\/strong><br \/>\nLes\u00a0<em>cookies<\/em>\u00a0i altres tecnologies similars tals com a\u00a0<em>local shared objects, flash cookies o p\u00edxels<\/em>, s\u00f3n eines emprades pels servidors web per emmagatzemar i recuperar informaci\u00f3 sobre els seus visitants, aix\u00ed com per oferir un correcte funcionament del lloc.<\/p>\n<p>Mitjan\u00e7ant l&#8217;\u00fas d&#8217;aquests dispositius es permet al servidor web recordar algunes dades concernents a l&#8217;usuari, com les seves prefer\u00e8ncies per a la visualitzaci\u00f3 de les p\u00e0gines d&#8217;aquest servidor, productes que m\u00e9s li interessen, etc.<\/p>\n<p><strong><em>Cookies<\/em>\u00a0afectades per la normativa i\u00a0<em>cookies<\/em>\u00a0exceptuades<\/strong><br \/>\nSegons la directiva de la UE, les\u00a0<em>cookies<\/em>\u00a0que requereixen el consentiment informat per part de l&#8217;usuari s\u00f3n les\u00a0<em>cookies<\/em> anal\u00edtiques i les de publicitat i afiliaci\u00f3, quedant exceptuades les de car\u00e0cter t\u00e8cnic i aquelles necess\u00e0ries per a la prestaci\u00f3 d&#8217;un servei expressament demanat per l&#8217;usuari.<\/p>\n<p><strong>Quins tipus de\u00a0<em>cookies<\/em>\u00a0hi han?<\/strong><br \/>\nLes\u00a0<em>cookies<\/em>\u00a0es poden agrupar en cinc grans grups:<\/p>\n<p>\u2022\u00a0<em>Cookies<\/em>\u00a0anal\u00edtiques: recullen informaci\u00f3 de l&#8217;\u00fas que es realitza del lloc web.<\/p>\n<p>\u2022\u00a0<em>Cookies<\/em>\u00a0socials: s\u00f3n aquelles necess\u00e0ries per a xarxes socials externes.<\/p>\n<p>\u2022\u00a0<em>Cookies<\/em>\u00a0d&#8217;afiliats: permeten fer un seguiment de les visites procedents d&#8217;altres webs, amb les que el lloc web estableix un contracte d&#8217;afiliaci\u00f3 (empreses d&#8217;afiliaci\u00f3).<\/p>\n<p>\u2022\u00a0<em>Cookies<\/em>\u00a0de publicitat i comportamentals: recullen informaci\u00f3 sobre les prefer\u00e8ncies i eleccions personals de l&#8217;usuari (retargeting).<\/p>\n<p>\u2022\u00a0<em>Cookies<\/em> t\u00e8cniques i funcionals: s\u00f3n les estrictament necess\u00e0ries per a l&#8217;\u00fas del lloc web i per a la prestaci\u00f3 del servei contractat.<\/p>\n<p><strong><em>Cookies<\/em>\u00a0que utilitza el nostre lloc web<\/strong><br \/>\nEl nostre lloc web utilitza\u00a0<em>cookies<\/em> dels diferents tipus esmentats a l&#8217;apartat anterior.<\/p>\n<p><strong>Administraci\u00f3 de\u00a0<em>cookies<\/em><\/strong><br \/>\nPots permetre, bloquejar o eliminar les cookies instal\u00b7lades al teu ordinador mitjan\u00e7ant la configuraci\u00f3 de les opcions del teu navegador.<\/p>\n<p>\u2022 Per a m\u00e9s informaci\u00f3 sobre el navegador\u00a0<em>Firefox<\/em>\u00a0visita el seg\u00fcent enlla\u00e7:<br \/>\nhttps:\/\/support.mozilla.org\/<\/p>\n<p>\u2022 Per a m\u00e9s informaci\u00f3 sobre el navegador\u00a0<em>Chrome<\/em>\u00a0visita el seg\u00fcent enlla\u00e7:<br \/>\nhttps:\/\/support.google.com\/<\/p>\n<p>\u2022 Per a m\u00e9s informaci\u00f3 sobre el navegador\u00a0<em>Explorer<\/em>\u00a0visita el seg\u00fcent enlla\u00e7:<br \/>\nhttps:\/\/support.microsoft.com\/<\/p>\n<p>\u2022 Per a m\u00e9s informaci\u00f3 sobre el navegador\u00a0<em>Safari<\/em>\u00a0visita el seg\u00fcent enlla\u00e7:<br \/>\nhttps:\/\/support.apple.com\/<\/p>\n<p>\u2022 Per a m\u00e9s informaci\u00f3 sobre el navegador\u00a0<em>Opera<\/em>\u00a0visita el seg\u00fcent enlla\u00e7:<br \/>\nhttps:\/\/help.opera.com\/<\/p>\n<\/div><\/section>\n\n<\/div><\/div><\/div><!-- close content main div --><\/div><\/div><div id='welcome'  class='av-layout-grid-container av-k3f-bd21777d648cb5f8a4dabf9d2f25b651 entry-content-wrapper main_color av-fixed-cells  avia-builder-el-5  el_after_av_section  el_before_av_section  grid-row-not-first  container_wrap fullsize'  >\n\n<style type=\"text\/css\" data-created_by=\"avia_inline_auto\" id=\"style-css-av-2oox-de5081775d287cccbf3f4706e8ae6fc9\">\n.flex_cell.av-2oox-de5081775d287cccbf3f4706e8ae6fc9{\nvertical-align:top;\nheight:15px;\nmin-height:15px;\nbackground-color:#dda759;\n}\n.responsive #top #wrap_all .flex_cell.av-2oox-de5081775d287cccbf3f4706e8ae6fc9{\npadding:0px 0px 0px 0px !important;\n}\n<\/style>\n<div class='flex_cell av-2oox-de5081775d287cccbf3f4706e8ae6fc9 av-gridrow-cell av_one_full no_margin  avia-builder-el-6  avia-builder-el-no-sibling  content-align-top av-zero-padding'  ><div class='flex_cell_inner'><\/div><\/div>\n<\/div>\n\n<style type=\"text\/css\" data-created_by=\"avia_inline_auto\" id=\"style-css-av-bv5yy-6ab1390ce65b218054e4d7097a6ad88a\">\n.avia-section.av-bv5yy-6ab1390ce65b218054e4d7097a6ad88a{\nbackground-repeat:no-repeat;\nbackground-image:url(https:\/\/www.cellersarboc.com\/wp-content\/uploads\/2023\/06\/footer-vineyard-1.jpg);\nbackground-position:50% 0%;\nbackground-attachment:scroll;\n}\n.avia-section.av-bv5yy-6ab1390ce65b218054e4d7097a6ad88a .av-section-color-overlay{\nopacity:0.2;\nbackground-color:#dda759;\n}\n<\/style>\n<div id='av_section_2'  class='avia-section av-bv5yy-6ab1390ce65b218054e4d7097a6ad88a main_color avia-section-huge avia-no-border-styling  avia-builder-el-7  el_after_av_layout_row  avia-builder-el-last  avia-full-stretch avia-bg-style-scroll av-section-color-overlay-active container_wrap fullsize'  data-section-bg-repeat='stretch'><div class=\"av-section-color-overlay-wrap\"><div class=\"av-section-color-overlay\"><\/div><div class='container av-section-cont-open' ><div class='template-page content  av-content-full alpha units'><div class='post-entry post-entry-type-page post-entry-1195'><div class='entry-content-wrapper clearfix'>\n","protected":false},"excerpt":{"rendered":"","protected":false},"author":2,"featured_media":0,"parent":0,"menu_order":21,"comment_status":"closed","ping_status":"closed","template":"","meta":{"footnotes":""},"class_list":["post-1195","page","type-page","status-publish","hentry"],"yoast_head":"<!-- This site is optimized with the Yoast SEO plugin v26.1 - https:\/\/yoast.com\/wordpress\/plugins\/seo\/ -->\n<title>Pol\u00edtica de cookies - Cellers de l&#039;Arbo\u00e7<\/title>\n<meta name=\"robots\" content=\"index, follow, max-snippet:-1, max-image-preview:large, max-video-preview:-1\" \/>\n<link rel=\"canonical\" href=\"https:\/\/www.cellersarboc.com\/ca\/politica-de-cookies\/\" \/>\n<meta property=\"og:locale\" content=\"ca_ES\" \/>\n<meta property=\"og:type\" content=\"article\" \/>\n<meta property=\"og:title\" content=\"Pol\u00edtica de cookies - Cellers de l&#039;Arbo\u00e7\" \/>\n<meta property=\"og:url\" content=\"https:\/\/www.cellersarboc.com\/ca\/politica-de-cookies\/\" \/>\n<meta property=\"og:site_name\" content=\"Cellers de l&#039;Arbo\u00e7\" \/>\n<meta property=\"article:modified_time\" content=\"2023-07-11T18:25:02+00:00\" \/>\n<meta name=\"twitter:card\" content=\"summary_large_image\" \/>\n<script type=\"application\/ld+json\" class=\"yoast-schema-graph\">{\"@context\":\"https:\/\/schema.org\",\"@graph\":[{\"@type\":\"WebPage\",\"@id\":\"https:\/\/www.cellersarboc.com\/ca\/politica-de-cookies\/\",\"url\":\"https:\/\/www.cellersarboc.com\/ca\/politica-de-cookies\/\",\"name\":\"Pol\u00edtica de cookies - Cellers de l&#039;Arbo\u00e7\",\"isPartOf\":{\"@id\":\"https:\/\/www.cellersarboc.com\/ca\/#website\"},\"datePublished\":\"2023-06-06T07:48:03+00:00\",\"dateModified\":\"2023-07-11T18:25:02+00:00\",\"breadcrumb\":{\"@id\":\"https:\/\/www.cellersarboc.com\/ca\/politica-de-cookies\/#breadcrumb\"},\"inLanguage\":\"ca\",\"potentialAction\":[{\"@type\":\"ReadAction\",\"target\":[\"https:\/\/www.cellersarboc.com\/ca\/politica-de-cookies\/\"]}]},{\"@type\":\"BreadcrumbList\",\"@id\":\"https:\/\/www.cellersarboc.com\/ca\/politica-de-cookies\/#breadcrumb\",\"itemListElement\":[{\"@type\":\"ListItem\",\"position\":1,\"name\":\"Portada\",\"item\":\"https:\/\/www.cellersarboc.com\/ca\/inici\/\"},{\"@type\":\"ListItem\",\"position\":2,\"name\":\"Pol\u00edtica de cookies\"}]},{\"@type\":\"WebSite\",\"@id\":\"https:\/\/www.cellersarboc.com\/ca\/#website\",\"url\":\"https:\/\/www.cellersarboc.com\/ca\/\",\"name\":\"Cellers de l&#039;Arbo\u00e7\",\"description\":\"\",\"potentialAction\":[{\"@type\":\"SearchAction\",\"target\":{\"@type\":\"EntryPoint\",\"urlTemplate\":\"https:\/\/www.cellersarboc.com\/ca\/?s={search_term_string}\"},\"query-input\":{\"@type\":\"PropertyValueSpecification\",\"valueRequired\":true,\"valueName\":\"search_term_string\"}}],\"inLanguage\":\"ca\"}]}<\/script>\n<!-- \/ Yoast SEO plugin. -->","yoast_head_json":{"title":"Pol\u00edtica de cookies - Cellers de l&#039;Arbo\u00e7","robots":{"index":"index","follow":"follow","max-snippet":"max-snippet:-1","max-image-preview":"max-image-preview:large","max-video-preview":"max-video-preview:-1"},"canonical":"https:\/\/www.cellersarboc.com\/ca\/politica-de-cookies\/","og_locale":"ca_ES","og_type":"article","og_title":"Pol\u00edtica de cookies - Cellers de l&#039;Arbo\u00e7","og_url":"https:\/\/www.cellersarboc.com\/ca\/politica-de-cookies\/","og_site_name":"Cellers de l&#039;Arbo\u00e7","article_modified_time":"2023-07-11T18:25:02+00:00","twitter_card":"summary_large_image","schema":{"@context":"https:\/\/schema.org","@graph":[{"@type":"WebPage","@id":"https:\/\/www.cellersarboc.com\/ca\/politica-de-cookies\/","url":"https:\/\/www.cellersarboc.com\/ca\/politica-de-cookies\/","name":"Pol\u00edtica de cookies - Cellers de l&#039;Arbo\u00e7","isPartOf":{"@id":"https:\/\/www.cellersarboc.com\/ca\/#website"},"datePublished":"2023-06-06T07:48:03+00:00","dateModified":"2023-07-11T18:25:02+00:00","breadcrumb":{"@id":"https:\/\/www.cellersarboc.com\/ca\/politica-de-cookies\/#breadcrumb"},"inLanguage":"ca","potentialAction":[{"@type":"ReadAction","target":["https:\/\/www.cellersarboc.com\/ca\/politica-de-cookies\/"]}]},{"@type":"BreadcrumbList","@id":"https:\/\/www.cellersarboc.com\/ca\/politica-de-cookies\/#breadcrumb","itemListElement":[{"@type":"ListItem","position":1,"name":"Portada","item":"https:\/\/www.cellersarboc.com\/ca\/inici\/"},{"@type":"ListItem","position":2,"name":"Pol\u00edtica de cookies"}]},{"@type":"WebSite","@id":"https:\/\/www.cellersarboc.com\/ca\/#website","url":"https:\/\/www.cellersarboc.com\/ca\/","name":"Cellers de l&#039;Arbo\u00e7","description":"","potentialAction":[{"@type":"SearchAction","target":{"@type":"EntryPoint","urlTemplate":"https:\/\/www.cellersarboc.com\/ca\/?s={search_term_string}"},"query-input":{"@type":"PropertyValueSpecification","valueRequired":true,"valueName":"search_term_string"}}],"inLanguage":"ca"}]}},"_links":{"self":[{"href":"https:\/\/www.cellersarboc.com\/ca\/wp-json\/wp\/v2\/pages\/1195","targetHints":{"allow":["GET"]}}],"collection":[{"href":"https:\/\/www.cellersarboc.com\/ca\/wp-json\/wp\/v2\/pages"}],"about":[{"href":"https:\/\/www.cellersarboc.com\/ca\/wp-json\/wp\/v2\/types\/page"}],"author":[{"embeddable":true,"href":"https:\/\/www.cellersarboc.com\/ca\/wp-json\/wp\/v2\/users\/2"}],"replies":[{"embeddable":true,"href":"https:\/\/www.cellersarboc.com\/ca\/wp-json\/wp\/v2\/comments?post=1195"}],"version-history":[{"count":2,"href":"https:\/\/www.cellersarboc.com\/ca\/wp-json\/wp\/v2\/pages\/1195\/revisions"}],"predecessor-version":[{"id":1198,"href":"https:\/\/www.cellersarboc.com\/ca\/wp-json\/wp\/v2\/pages\/1195\/revisions\/1198"}],"wp:attachment":[{"href":"https:\/\/www.cellersarboc.com\/ca\/wp-json\/wp\/v2\/media?parent=1195"}],"curies":[{"name":"wp","href":"https:\/\/api.w.org\/{rel}","templated":true}]}}