{"id":1199,"date":"2023-03-30T06:45:15","date_gmt":"2023-03-30T04:45:15","guid":{"rendered":"https:\/\/www.cellersarboc.com\/politica-de-privacitat\/"},"modified":"2023-07-11T20:25:54","modified_gmt":"2023-07-11T18:25:54","slug":"politica-de-privacitat","status":"publish","type":"page","link":"https:\/\/www.cellersarboc.com\/ca\/politica-de-privacitat\/","title":{"rendered":"Pol\u00edtica de privacitat"},"content":{"rendered":"<div id='welcome'  class='av-layout-grid-container av-b4hv-3c302876d7d8cb9d1da8109155416110 entry-content-wrapper main_color av-fixed-cells  avia-builder-el-0  el_before_av_section  avia-builder-el-first   container_wrap fullsize'  >\n\n<style type=\"text\/css\" data-created_by=\"avia_inline_auto\" id=\"style-css-av-ano1-58a5a2c455df50b065968b4fa5dcd59b\">\n.flex_cell.av-ano1-58a5a2c455df50b065968b4fa5dcd59b{\nvertical-align:top;\nheight:15px;\nmin-height:15px;\nbackground-color:#dda759;\n}\n.responsive #top #wrap_all .flex_cell.av-ano1-58a5a2c455df50b065968b4fa5dcd59b{\npadding:0px 0px 0px 0px !important;\n}\n<\/style>\n<div class='flex_cell av-ano1-58a5a2c455df50b065968b4fa5dcd59b av-gridrow-cell av_one_full no_margin  avia-builder-el-1  avia-builder-el-no-sibling  content-align-top av-zero-padding'  ><div class='flex_cell_inner'><\/div><\/div>\n<\/div>\n<div id='av_section_1'  class='avia-section av-8jjr-56a1990864a58c86dec99ccb0b870fbc main_color avia-section-default avia-no-border-styling  avia-builder-el-2  el_after_av_layout_row  el_before_av_layout_row  avia-bg-style-scroll container_wrap fullsize'  ><div class='container av-section-cont-open' ><div class='template-page content  av-content-full alpha units'><div class='post-entry post-entry-type-page post-entry-1199'><div class='entry-content-wrapper clearfix'>\n\n<style type=\"text\/css\" data-created_by=\"avia_inline_auto\" id=\"style-css-av-liirzs51-0bd13334b70f71dbb1e882b80e9c5e59\">\n#top .av-special-heading.av-liirzs51-0bd13334b70f71dbb1e882b80e9c5e59{\npadding-bottom:10px;\nfont-size:50px;\n}\nbody .av-special-heading.av-liirzs51-0bd13334b70f71dbb1e882b80e9c5e59 .av-special-heading-tag .heading-char{\nfont-size:25px;\n}\n#top #wrap_all .av-special-heading.av-liirzs51-0bd13334b70f71dbb1e882b80e9c5e59 .av-special-heading-tag{\nfont-size:50px;\n}\n.av-special-heading.av-liirzs51-0bd13334b70f71dbb1e882b80e9c5e59 .av-subheading{\nfont-size:15px;\n}\n\n@media only screen and (min-width: 480px) and (max-width: 767px){ \n#top #wrap_all .av-special-heading.av-liirzs51-0bd13334b70f71dbb1e882b80e9c5e59 .av-special-heading-tag{\nfont-size:0.8em;\n}\n}\n\n@media only screen and (max-width: 479px){ \n#top #wrap_all .av-special-heading.av-liirzs51-0bd13334b70f71dbb1e882b80e9c5e59 .av-special-heading-tag{\nfont-size:0.8em;\n}\n}\n<\/style>\n<div  class='av-special-heading av-liirzs51-0bd13334b70f71dbb1e882b80e9c5e59 av-special-heading-h1 blockquote modern-quote  avia-builder-el-3  el_before_av_textblock  avia-builder-el-first  av-inherit-size'><h1 class='av-special-heading-tag '  itemprop=\"headline\"  ><u>Pol\u00edtica<\/u> de privacitat<\/h1><div class=\"special-heading-border\"><div class=\"special-heading-inner-border\"><\/div><\/div><\/div>\n<section  class='av_textblock_section av-liis1lyx-2e6ba3d03daf9da451bfa0c9ef9d6832 '   itemscope=\"itemscope\" itemtype=\"https:\/\/schema.org\/CreativeWork\" ><div class='avia_textblock'  itemprop=\"text\" ><p>En compliment del REGLAMENT (UE) 2016\/679 DEL PARLAMENT EUROPEU I DEL CONSELL de 27 d\u2019Abril de 2016, relatiu a la protecci\u00f3 de les persones f\u00edsiques pel que fa al tractament de dades personals i a la lliure circulaci\u00f3 d\u2019aquestes dades i a la Llei Org\u00e0nica 3\/2018, de 5 de desembre, de Protecci\u00f3 de Dades Personals i garantia dels drets digitals, resta informat que les dades personals proporcionades por vost\u00e8 a trav\u00e9s del lloc web\u00a0<a href=\"https:\/\/www.cellersarboc.com\/\">www.cellersarboc.com<\/a>\u00a0(en endavant el lloc web), seran tractades en els seg\u00fcents termes:<\/p>\n<p><strong>Responsable del tractament<\/strong><br \/>\nLes dades personals recaptades a trav\u00e9s d\u2019aquest lloc web seran tractades per CASTELL D\u2019OR, S.L., amb domicili per a l\u2019exercici de drets a Crta. de Santes Creus s\/n. Cp: 43814 Vila-rodona. Tarragona.<i class=\"fa fa-phone\" aria-hidden=\"true\"><\/i>\u00a034 977 45 98 60. Email:\u00a0<a href=\"mailto:castelldor@castelldor.com\">castelldor@castelldor.com<\/a>.<\/p>\n<p><strong>Finalitats del tractament<\/strong><\/p>\n<ul>\n<li>Informar-lo sobre els nostres productes i serveis, quan aix\u00ed ho sol\u00b7liciti mitjan\u00e7ant els formularios del lloc web o per correu electr\u00f2nic.<\/li>\n<li>Donar resposta i gestionar les seves consultes, comentaris i sugger\u00e8ncies, si escau.<\/li>\n<li>Gestionar la seva participaci\u00f3 a a presents i futurs processos de selecci\u00f3, quan ens faci arribar les seves dades (incl\u00f2s el seu curriculum) amb aquesta finalitat.<\/li>\n<li>Gestionar la seva comanda, en cas que realitzi alguna comanda a trav\u00e9s del lloc web.<\/li>\n<li>Amb la finalitat d\u2019obtenir informaci\u00f3 de l\u2019\u00fas del lloc web, s\u2019analitzen el nombre de p\u00e0gines visitades, el nombre de visites, aix\u00ed com l\u2019actividad dels visitants i la seva freq\u00fc\u00e8ncia d\u2019\u00fas. A aquests efectes, el RESPONSABLE fa servir informaci\u00f3 estad\u00edstica elaborada pel Prove\u00efdor de Serveis d\u2019Internet que no permet identificar l\u2019interessat en cap moment.<\/li>\n<\/ul>\n<p><strong>Legitimaci\u00f3<\/strong><br \/>\nConsentiment. Les dades personals obtingudes mitjan\u00e7ant els formularis del lloc web seran tractades nom\u00e9s en base al consentiment atorgat per part de l\u2019interessat, mitjan\u00e7ant l\u2019acceptaci\u00f3 de la casella disposada per aquesta finalitat. Aquest consentiment es pot retirar en qualsevol moment.<\/p>\n<p><strong>Inter\u00e8s leg\u00edtim del responsable<\/strong>. La informaci\u00f3 estad\u00edstica obtinguda del lloc web ser\u00e0 tractada en base a l\u2019inter\u00e8s leg\u00edtim del responsable. Aquesta informaci\u00f3 no permet identificar l\u2019usuari.<br \/>\nExecuci\u00f3 d\u2019un contracte. El tractament realitzat per a la gesti\u00f3 de les comandes sol\u00b7licitades mitjan\u00e7ant la botiga online est\u00e0 basat en l\u2019execuci\u00f3 d\u2019un contracte del qual l\u2019interessat n\u2019\u00e9s part o per a l\u2019aplicaci\u00f3 a petici\u00f3 seva de mesures precontractuals.<\/p>\n<p><strong>Destinataris<\/strong><br \/>\nLes dades personals obtingudes a trav\u00e9s del lloc web podran \u00e9sser comunicades a l\u2019entitat financera corresponent quan sigui necessari per gestionar el pagament de les comandes realitzades, aix\u00ed com a l\u2019empresa de missatgeria, quan sigui necessari..<\/p>\n<p><strong>Conservaci\u00f3<\/strong><br \/>\nLes dades personals facilitades per l\u2019usuari per rebre comunicacions comercials seran conservades mentre l\u2019interessat no en sol\u00b7liciti la supressi\u00f3 o retiri el seu consentiment.<\/p>\n<p>Quan l\u2019usuari envi\u00ef les seves dades personals per participar a processos de selecci\u00f3 del RESPONSABLE, les dades seran tractades per participar a presents processos de selecci\u00f3 i si no fos seleccionat, es conservaran les seves dades personals durant un per\u00edode de dos anys amb la finalitat de poder comptar amb la seva participaci\u00f3 a futurs processos.<\/p>\n<p>Quan l\u2019usuari envi\u00ef les seves dades per contactar amb el RESPONSABLE, fer consultes o suggeriments, les dades es conservaran mentre sigui necessari per a aquesta finalitat i puguin derivar-se responsabilitats del tractament.<\/p>\n<p>Datos de tr\u00e1fico, estad\u00edsticos y visitas web: los datos ser\u00e1n conservados durante el plazo de tres a\u00f1os.<\/p>\n<p><strong>Drets<\/strong><br \/>\nPot exercir els drets d\u2019acc\u00e9s, rectificaci\u00f3, supressi\u00f3 i portabilitat de les seves dades i de limitaci\u00f3 i oposici\u00f3 al seu CASTELL D\u2019OR, S.L. P. 2 CASTELL D\u2019OR, S.L. tractament , mitjan\u00e7ant escrit acompanyat de document oficial que l\u2019identifiqui adre\u00e7at a Crta. de Santes Creus s\/n. Cp: 43814 Vila-rodona. Tarragona.<i class=\"fa fa-phone\" aria-hidden=\"true\"><\/i>\u00a034 977 45 98 60. Email:\u00a0<a href=\"mailto:castelldor@castelldor.com\">castelldor@castelldor.com<\/a>. En cas de disconformitat amb el tractament, tamb\u00e9 t\u00e9 dret a presentar una reclamaci\u00f3 davant l\u2019Ag\u00e8ncia Espanyola de Protecci\u00f3 de Dades (www.aepd.es).<\/p>\n<p><strong>Pol\u00edtica de protecci\u00f3 de menors<\/strong><br \/>\nQui facilita les dades a trav\u00e9s dels formularis d\u2019aquest Web i n\u2019accepta el tractament declara formalment ser major de 18 anys.<br \/>\nResta prohibit l\u2019acc\u00e9s i \u00fas del portal als menors de 18 anys.<br \/>\nEl RESPONSABLE recorda a les persones majors d\u2019edat que tinguin menors al seu c\u00e0rrec, que ser\u00e0 de la seva exclusiva responsabilitat si algun menor incorporar les seves dades per sol\u00b7licitar algun producte.<\/p>\n<p>Tamb\u00e9 se\u2019ls informa que existeixen programes inform\u00e0tics per limitar la navegaci\u00f3 mitjan\u00e7ant el flitratge o bloqueig de determinats continguts.<\/p>\n<p><strong>Tractament derivat de l\u2019\u00f9s de les xarxes socials<\/strong><br \/>\nEn seguir el nostre perfil a les xarxes socials, consent expressament al tractament de les seves dades personals d\u2019acord amb la pol\u00edtica de privacitat de la corresponent xarxa social. Tamb\u00e9 consent expressament a l\u2019acc\u00e9s del RESPONSABLE al tractament de les dades contingudes al seu perfil i a que les not\u00edcies publicades sobre qualsevol producte del RESPONSABLE apareguin al seu mur. La seva petici\u00f3 per connectar implica necess\u00e0riament el seu consentiment per als tractament esmentats, essent aquesta la base legal del tractament. Les dades es conservaran mentre l\u2019interessat no sol\u00b7liciti l\u2019oposici\u00f3 o retiri el seu consentiment, el qual pot retirar en qualsevol moment.<\/p>\n<p>La publicaci\u00f3 de comentaris i continguts a les xarxes socials es convertiran en informaci\u00f3 p\u00fablica, per la qual cosa els usuaris hauran de tenir especial cura quan decideixin compartir la seva informaci\u00f3 personal. El RESPONSABLE no es fa responsable de la informaci\u00f3 que els usuaris incorporin a la p\u00e0gina. No obstant aix\u00f2, les persones les dades personals de les quals siguin publicades o estiguin incloses a comentaris, podran sol\u00b7licitar al RESPONSABLE la seva cancel\u00b7laci\u00f3.<\/p>\n<\/div><\/section>\n\n<\/div><\/div><\/div><!-- close content main div --><\/div><\/div><div id='welcome'  class='av-layout-grid-container av-k3f-bd21777d648cb5f8a4dabf9d2f25b651 entry-content-wrapper main_color av-fixed-cells  avia-builder-el-5  el_after_av_section  el_before_av_section  grid-row-not-first  container_wrap fullsize'  >\n\n<style type=\"text\/css\" data-created_by=\"avia_inline_auto\" id=\"style-css-av-2oox-de5081775d287cccbf3f4706e8ae6fc9\">\n.flex_cell.av-2oox-de5081775d287cccbf3f4706e8ae6fc9{\nvertical-align:top;\nheight:15px;\nmin-height:15px;\nbackground-color:#dda759;\n}\n.responsive #top #wrap_all .flex_cell.av-2oox-de5081775d287cccbf3f4706e8ae6fc9{\npadding:0px 0px 0px 0px !important;\n}\n<\/style>\n<div class='flex_cell av-2oox-de5081775d287cccbf3f4706e8ae6fc9 av-gridrow-cell av_one_full no_margin  avia-builder-el-6  avia-builder-el-no-sibling  content-align-top av-zero-padding'  ><div class='flex_cell_inner'><\/div><\/div>\n<\/div>\n\n<style type=\"text\/css\" data-created_by=\"avia_inline_auto\" id=\"style-css-av-2yvv-294ac5d245a573a71dc27cfb5226bcdd\">\n.avia-section.av-2yvv-294ac5d245a573a71dc27cfb5226bcdd{\nbackground-repeat:no-repeat;\nbackground-image:url(https:\/\/www.cellersarboc.com\/wp-content\/uploads\/2023\/06\/footer-vineyard-1.jpg);\nbackground-position:50% 0%;\nbackground-attachment:scroll;\n}\n.avia-section.av-2yvv-294ac5d245a573a71dc27cfb5226bcdd .av-section-color-overlay{\nopacity:0.2;\nbackground-color:#dda759;\n}\n<\/style>\n<div id='av_section_2'  class='avia-section av-2yvv-294ac5d245a573a71dc27cfb5226bcdd main_color avia-section-huge avia-no-border-styling  avia-builder-el-7  el_after_av_layout_row  avia-builder-el-last  avia-full-stretch avia-bg-style-scroll av-section-color-overlay-active container_wrap fullsize'  data-section-bg-repeat='stretch'><div class=\"av-section-color-overlay-wrap\"><div class=\"av-section-color-overlay\"><\/div><div class='container av-section-cont-open' ><div class='template-page content  av-content-full alpha units'><div class='post-entry post-entry-type-page post-entry-1199'><div class='entry-content-wrapper clearfix'>\n","protected":false},"excerpt":{"rendered":"","protected":false},"author":2,"featured_media":0,"parent":0,"menu_order":22,"comment_status":"closed","ping_status":"closed","template":"","meta":{"footnotes":""},"class_list":["post-1199","page","type-page","status-publish","hentry"],"yoast_head":"<!-- This site is optimized with the Yoast SEO plugin v26.1 - https:\/\/yoast.com\/wordpress\/plugins\/seo\/ -->\n<title>Pol\u00edtica de privacitat - Cellers de l&#039;Arbo\u00e7<\/title>\n<meta name=\"robots\" content=\"index, follow, max-snippet:-1, max-image-preview:large, max-video-preview:-1\" \/>\n<link rel=\"canonical\" href=\"https:\/\/www.cellersarboc.com\/ca\/politica-de-privacitat\/\" \/>\n<meta property=\"og:locale\" content=\"ca_ES\" \/>\n<meta property=\"og:type\" content=\"article\" \/>\n<meta property=\"og:title\" content=\"Pol\u00edtica de privacitat - Cellers de l&#039;Arbo\u00e7\" \/>\n<meta property=\"og:url\" content=\"https:\/\/www.cellersarboc.com\/ca\/politica-de-privacitat\/\" \/>\n<meta property=\"og:site_name\" content=\"Cellers de l&#039;Arbo\u00e7\" \/>\n<meta property=\"article:modified_time\" content=\"2023-07-11T18:25:54+00:00\" \/>\n<meta name=\"twitter:card\" content=\"summary_large_image\" \/>\n<meta name=\"twitter:label1\" content=\"Temps estimat de lectura\" \/>\n\t<meta name=\"twitter:data1\" content=\"6 minuts\" \/>\n<script type=\"application\/ld+json\" class=\"yoast-schema-graph\">{\"@context\":\"https:\/\/schema.org\",\"@graph\":[{\"@type\":\"WebPage\",\"@id\":\"https:\/\/www.cellersarboc.com\/ca\/politica-de-privacitat\/\",\"url\":\"https:\/\/www.cellersarboc.com\/ca\/politica-de-privacitat\/\",\"name\":\"Pol\u00edtica de privacitat - Cellers de l&#039;Arbo\u00e7\",\"isPartOf\":{\"@id\":\"https:\/\/www.cellersarboc.com\/ca\/#website\"},\"datePublished\":\"2023-03-30T04:45:15+00:00\",\"dateModified\":\"2023-07-11T18:25:54+00:00\",\"breadcrumb\":{\"@id\":\"https:\/\/www.cellersarboc.com\/ca\/politica-de-privacitat\/#breadcrumb\"},\"inLanguage\":\"ca\",\"potentialAction\":[{\"@type\":\"ReadAction\",\"target\":[\"https:\/\/www.cellersarboc.com\/ca\/politica-de-privacitat\/\"]}]},{\"@type\":\"BreadcrumbList\",\"@id\":\"https:\/\/www.cellersarboc.com\/ca\/politica-de-privacitat\/#breadcrumb\",\"itemListElement\":[{\"@type\":\"ListItem\",\"position\":1,\"name\":\"Portada\",\"item\":\"https:\/\/www.cellersarboc.com\/ca\/inici\/\"},{\"@type\":\"ListItem\",\"position\":2,\"name\":\"Pol\u00edtica de privacitat\"}]},{\"@type\":\"WebSite\",\"@id\":\"https:\/\/www.cellersarboc.com\/ca\/#website\",\"url\":\"https:\/\/www.cellersarboc.com\/ca\/\",\"name\":\"Cellers de l&#039;Arbo\u00e7\",\"description\":\"\",\"potentialAction\":[{\"@type\":\"SearchAction\",\"target\":{\"@type\":\"EntryPoint\",\"urlTemplate\":\"https:\/\/www.cellersarboc.com\/ca\/?s={search_term_string}\"},\"query-input\":{\"@type\":\"PropertyValueSpecification\",\"valueRequired\":true,\"valueName\":\"search_term_string\"}}],\"inLanguage\":\"ca\"}]}<\/script>\n<!-- \/ Yoast SEO plugin. -->","yoast_head_json":{"title":"Pol\u00edtica de privacitat - Cellers de l&#039;Arbo\u00e7","robots":{"index":"index","follow":"follow","max-snippet":"max-snippet:-1","max-image-preview":"max-image-preview:large","max-video-preview":"max-video-preview:-1"},"canonical":"https:\/\/www.cellersarboc.com\/ca\/politica-de-privacitat\/","og_locale":"ca_ES","og_type":"article","og_title":"Pol\u00edtica de privacitat - Cellers de l&#039;Arbo\u00e7","og_url":"https:\/\/www.cellersarboc.com\/ca\/politica-de-privacitat\/","og_site_name":"Cellers de l&#039;Arbo\u00e7","article_modified_time":"2023-07-11T18:25:54+00:00","twitter_card":"summary_large_image","twitter_misc":{"Temps estimat de lectura":"6 minuts"},"schema":{"@context":"https:\/\/schema.org","@graph":[{"@type":"WebPage","@id":"https:\/\/www.cellersarboc.com\/ca\/politica-de-privacitat\/","url":"https:\/\/www.cellersarboc.com\/ca\/politica-de-privacitat\/","name":"Pol\u00edtica de privacitat - Cellers de l&#039;Arbo\u00e7","isPartOf":{"@id":"https:\/\/www.cellersarboc.com\/ca\/#website"},"datePublished":"2023-03-30T04:45:15+00:00","dateModified":"2023-07-11T18:25:54+00:00","breadcrumb":{"@id":"https:\/\/www.cellersarboc.com\/ca\/politica-de-privacitat\/#breadcrumb"},"inLanguage":"ca","potentialAction":[{"@type":"ReadAction","target":["https:\/\/www.cellersarboc.com\/ca\/politica-de-privacitat\/"]}]},{"@type":"BreadcrumbList","@id":"https:\/\/www.cellersarboc.com\/ca\/politica-de-privacitat\/#breadcrumb","itemListElement":[{"@type":"ListItem","position":1,"name":"Portada","item":"https:\/\/www.cellersarboc.com\/ca\/inici\/"},{"@type":"ListItem","position":2,"name":"Pol\u00edtica de privacitat"}]},{"@type":"WebSite","@id":"https:\/\/www.cellersarboc.com\/ca\/#website","url":"https:\/\/www.cellersarboc.com\/ca\/","name":"Cellers de l&#039;Arbo\u00e7","description":"","potentialAction":[{"@type":"SearchAction","target":{"@type":"EntryPoint","urlTemplate":"https:\/\/www.cellersarboc.com\/ca\/?s={search_term_string}"},"query-input":{"@type":"PropertyValueSpecification","valueRequired":true,"valueName":"search_term_string"}}],"inLanguage":"ca"}]}},"_links":{"self":[{"href":"https:\/\/www.cellersarboc.com\/ca\/wp-json\/wp\/v2\/pages\/1199","targetHints":{"allow":["GET"]}}],"collection":[{"href":"https:\/\/www.cellersarboc.com\/ca\/wp-json\/wp\/v2\/pages"}],"about":[{"href":"https:\/\/www.cellersarboc.com\/ca\/wp-json\/wp\/v2\/types\/page"}],"author":[{"embeddable":true,"href":"https:\/\/www.cellersarboc.com\/ca\/wp-json\/wp\/v2\/users\/2"}],"replies":[{"embeddable":true,"href":"https:\/\/www.cellersarboc.com\/ca\/wp-json\/wp\/v2\/comments?post=1199"}],"version-history":[{"count":2,"href":"https:\/\/www.cellersarboc.com\/ca\/wp-json\/wp\/v2\/pages\/1199\/revisions"}],"predecessor-version":[{"id":1201,"href":"https:\/\/www.cellersarboc.com\/ca\/wp-json\/wp\/v2\/pages\/1199\/revisions\/1201"}],"wp:attachment":[{"href":"https:\/\/www.cellersarboc.com\/ca\/wp-json\/wp\/v2\/media?parent=1199"}],"curies":[{"name":"wp","href":"https:\/\/api.w.org\/{rel}","templated":true}]}}