{"id":1278,"date":"2016-05-23T10:30:12","date_gmt":"2016-05-23T08:30:12","guid":{"rendered":"https:\/\/www.cellersarboc.com\/nosaltres\/"},"modified":"2023-07-12T01:14:04","modified_gmt":"2023-07-11T23:14:04","slug":"nosotros","status":"publish","type":"page","link":"https:\/\/www.cellersarboc.com\/es\/nosotros\/","title":{"rendered":"Nosotros"},"content":{"rendered":"<div id='welcome'  class='av-layout-grid-container av-7trpt1-1a301c8086d05176d93a8f4984c60572 entry-content-wrapper main_color av-fixed-cells  avia-builder-el-0  el_before_av_layout_row  avia-builder-el-first   container_wrap fullsize'  >\n\n<style type=\"text\/css\" data-created_by=\"avia_inline_auto\" id=\"style-css-av-riykt-0bd088f5702a883f21e62895b575f234\">\n.flex_cell.av-riykt-0bd088f5702a883f21e62895b575f234{\nvertical-align:top;\nheight:15px;\nmin-height:15px;\nbackground-color:#dda759;\n}\n.responsive #top #wrap_all .flex_cell.av-riykt-0bd088f5702a883f21e62895b575f234{\npadding:0px 0px 0px 0px !important;\n}\n<\/style>\n<div class='flex_cell av-riykt-0bd088f5702a883f21e62895b575f234 av-gridrow-cell av_one_full no_margin  avia-builder-el-1  avia-builder-el-no-sibling  content-align-top av-zero-padding'  ><div class='flex_cell_inner'><\/div><\/div>\n<\/div>\n<div id='hello'  class='av-layout-grid-container av-72twzx-0181638d7eddb8623fcb999e878f39b5 entry-content-wrapper main_color av-flex-cells  avia-builder-el-2  el_after_av_layout_row  el_before_av_layout_row  grid-row-not-first  container_wrap fullsize'  >\n\n<style type=\"text\/css\" data-created_by=\"avia_inline_auto\" id=\"style-css-av-6vbu05-2b85be0db783529fba3516b5402bf057\">\n.flex_cell.av-6vbu05-2b85be0db783529fba3516b5402bf057{\nvertical-align:top;\n}\n.responsive #top #wrap_all .flex_cell.av-6vbu05-2b85be0db783529fba3516b5402bf057{\npadding:100px 100px 100px 100px !important;\n}\n<\/style>\n<div class='flex_cell av-6vbu05-2b85be0db783529fba3516b5402bf057 av-gridrow-cell av_one_half no_margin  avia-builder-el-3  el_before_av_cell_one_half  avia-builder-el-first  content-align-top'  ><div class='flex_cell_inner'><p>\n<style type=\"text\/css\" data-created_by=\"avia_inline_auto\" id=\"style-css-av-6p4otp-2894ab01191f78f272ebfa857967c9fc\">\n#top .av-special-heading.av-6p4otp-2894ab01191f78f272ebfa857967c9fc{\npadding-bottom:30px;\nfont-size:50px;\n}\nbody .av-special-heading.av-6p4otp-2894ab01191f78f272ebfa857967c9fc .av-special-heading-tag .heading-char{\nfont-size:25px;\n}\n#top #wrap_all .av-special-heading.av-6p4otp-2894ab01191f78f272ebfa857967c9fc .av-special-heading-tag{\nfont-size:50px;\n}\n.av-special-heading.av-6p4otp-2894ab01191f78f272ebfa857967c9fc .av-subheading{\nfont-size:15px;\n}\n\n@media only screen and (min-width: 480px) and (max-width: 767px){ \n#top #wrap_all .av-special-heading.av-6p4otp-2894ab01191f78f272ebfa857967c9fc .av-special-heading-tag{\nfont-size:0.8em;\n}\n}\n\n@media only screen and (max-width: 479px){ \n#top #wrap_all .av-special-heading.av-6p4otp-2894ab01191f78f272ebfa857967c9fc .av-special-heading-tag{\nfont-size:0.8em;\n}\n}\n<\/style>\n<div  class='av-special-heading av-6p4otp-2894ab01191f78f272ebfa857967c9fc av-special-heading-h1 blockquote modern-quote  avia-builder-el-4  el_before_av_textblock  avia-builder-el-first  av-inherit-size'><h1 class='av-special-heading-tag '  itemprop=\"headline\"  >Los <u>Or\u00edgenes<\/u><\/h1><div class=\"special-heading-border\"><div class=\"special-heading-inner-border\"><\/div><\/div><\/div><br \/>\n<section  class='av_textblock_section av-6jrx0d-eb112bcbaa7fc42b56148fc3d3c6dc0e '   itemscope=\"itemscope\" itemtype=\"https:\/\/schema.org\/CreativeWork\" ><div class='avia_textblock'  itemprop=\"text\" ><p>En 1919, un peque\u00f1o grupo de agricultores fund\u00f3 Cellers de l&#8217;Arbo\u00e7, ubicado en el peque\u00f1o pueblo de l&#8217;Arbo\u00e7, en la zona del Pened\u00e8s, en Catalu\u00f1a. La bodega estaba situada en el centro del pueblo y fue construido siguiendo el estilo modernista, propio de la \u00e9poca.<\/p>\n<p>La bodega comenz\u00f3 a vinificar las variedades propias de la comarca Macabeo, Xarel\u00b7lo, Parellada. Principalmente, para elaborar cava, pero tambi\u00e9n para producir vinos tranquilos. Posteriormente, se inici\u00f3 la vinificaci\u00f3n de otras variedades como Chardonnay, Cabernet Sauvignon, Ull de llebre y Merlot.<\/p>\n<p>Fue una de las primeras bodegas en elaborar y fermentar los vinos a baja temperatura en el Pened\u00e8s. Esta t\u00e9cnica permite que el producto, que se utiliza para elaborar Cava y vinos tranquilos, mantenga la frescura y los aromas mediterr\u00e1neos. Esto aporta una gran calidad al producto una vez que tiene lugar la segunda fermentaci\u00f3n en el interior de la botella.<\/p>\n<\/div><\/section><\/p>\n<\/div><\/div>\n<style type=\"text\/css\" data-created_by=\"avia_inline_auto\" id=\"style-css-av-60xs79-aabc3cf3fe349a67c153bfd64ae102dd\">\n.flex_cell.av-60xs79-aabc3cf3fe349a67c153bfd64ae102dd{\nvertical-align:top;\nbackground:url(https:\/\/www.cellersarboc.com\/wp-content\/uploads\/2023\/05\/celler-vista-aerea.jpg) 50% 0% no-repeat scroll #719430;\n}\n.responsive #top #wrap_all .flex_cell.av-60xs79-aabc3cf3fe349a67c153bfd64ae102dd{\npadding:100px 100px 100px 100px !important;\n}\n<\/style>\n<div class='flex_cell av-60xs79-aabc3cf3fe349a67c153bfd64ae102dd av-gridrow-cell av_one_half no_margin  avia-builder-el-6  el_after_av_cell_one_half  avia-builder-el-last  content-align-top avia-full-stretch'  ><div class='flex_cell_inner'><\/div><\/div><\/div><div id='av-layout-grid-3'  class='av-layout-grid-container av-5xi41h-e3e7fc6712040ebc9c46f191ec5666f3 entry-content-wrapper main_color av-flex-cells  avia-builder-el-7  el_after_av_layout_row  el_before_av_layout_row  grid-row-not-first  container_wrap fullsize'  >\n\n<style type=\"text\/css\" data-created_by=\"avia_inline_auto\" id=\"style-css-av-5q8gad-631956716753961f463b4914e22cc461\">\n.flex_cell.av-5q8gad-631956716753961f463b4914e22cc461{\nvertical-align:middle;\nbackground:url(https:\/\/www.cellersarboc.com\/wp-content\/uploads\/2023\/05\/terroir-vinyes_primavera_2020.jpg) 50% 100% no-repeat scroll ;\n}\n.responsive #top #wrap_all .flex_cell.av-5q8gad-631956716753961f463b4914e22cc461{\npadding:0px 0px 0px 0px !important;\n}\n<\/style>\n<div class='flex_cell av-5q8gad-631956716753961f463b4914e22cc461 av-gridrow-cell av_one_half no_margin  avia-builder-el-8  el_before_av_cell_one_half  avia-builder-el-first  content-align-middle av-zero-padding avia-full-stretch'  ><div class='flex_cell_inner'><\/div><\/div>\n<style type=\"text\/css\" data-created_by=\"avia_inline_auto\" id=\"style-css-av-5iztkl-a9bace1ec9be1e4b0e0ef4694be74bb1\">\n.flex_cell.av-5iztkl-a9bace1ec9be1e4b0e0ef4694be74bb1{\nvertical-align:middle;\n}\n.responsive #top #wrap_all .flex_cell.av-5iztkl-a9bace1ec9be1e4b0e0ef4694be74bb1{\npadding:100px 100px 100px 100px !important;\n}\n<\/style>\n<div class='flex_cell av-5iztkl-a9bace1ec9be1e4b0e0ef4694be74bb1 av-gridrow-cell av_one_half no_margin  avia-builder-el-9  el_after_av_cell_one_half  avia-builder-el-last  content-align-middle avia-full-contain'  ><div class='flex_cell_inner'><p>\n<style type=\"text\/css\" data-created_by=\"avia_inline_auto\" id=\"style-css-av-5e1hth-57c19039013add5cbc475935eb5ff2ac\">\n#top .av-special-heading.av-5e1hth-57c19039013add5cbc475935eb5ff2ac{\npadding-bottom:20px;\nfont-size:50px;\n}\nbody .av-special-heading.av-5e1hth-57c19039013add5cbc475935eb5ff2ac .av-special-heading-tag .heading-char{\nfont-size:25px;\n}\n#top #wrap_all .av-special-heading.av-5e1hth-57c19039013add5cbc475935eb5ff2ac .av-special-heading-tag{\nfont-size:50px;\n}\n.av-special-heading.av-5e1hth-57c19039013add5cbc475935eb5ff2ac .av-subheading{\nfont-size:15px;\n}\n\n@media only screen and (min-width: 480px) and (max-width: 767px){ \n#top #wrap_all .av-special-heading.av-5e1hth-57c19039013add5cbc475935eb5ff2ac .av-special-heading-tag{\nfont-size:0.8em;\n}\n}\n\n@media only screen and (max-width: 479px){ \n#top #wrap_all .av-special-heading.av-5e1hth-57c19039013add5cbc475935eb5ff2ac .av-special-heading-tag{\nfont-size:0.8em;\n}\n}\n<\/style>\n<div  class='av-special-heading av-5e1hth-57c19039013add5cbc475935eb5ff2ac av-special-heading-h1 blockquote modern-quote  avia-builder-el-10  el_before_av_textblock  avia-builder-el-first  av-inherit-size'><h1 class='av-special-heading-tag '  itemprop=\"headline\"  ><u>En la<\/u> Actualidad<\/h1><div class=\"special-heading-border\"><div class=\"special-heading-inner-border\"><\/div><\/div><\/div><br \/>\n<section  class='av_textblock_section av-58qjl9-48b94d92f4687879c52782588b6d0938 '   itemscope=\"itemscope\" itemtype=\"https:\/\/schema.org\/CreativeWork\" ><div class='avia_textblock'  itemprop=\"text\" ><p>En la actualidad, Cellers de l&#8217;Arbo\u00e7 est\u00e1 formado por unos 400 socios que cuidan de unas 1.000 hect\u00e1reas de vi\u00f1a. Con el paso de los a\u00f1os, Cellers de l&#8217;Arbo\u00e7 se ha profesionalizado y elevado los est\u00e1ndares de calidad de sus productos.<\/p>\n<p>2006 fue un a\u00f1o clave en la historia de Cellers de l&#8217;Arbo\u00e7. Fue en ese momento cuando trasladaron su ubicaci\u00f3n a un nuevo edificio mucho m\u00e1s moderno y con la tecnolog\u00eda m\u00e1s avanzada. Esta gran inversi\u00f3n se tradujo en un cambio en su estrategia operativa, convirti\u00e9ndose en uno de los principales elaboradores de la zona.<\/p>\n<\/div><\/section><\/p>\n<\/div><\/div><\/div><div id='av-layout-grid-4'  class='av-layout-grid-container av-mhxlp-e56992cc167605645ccdcea25e5fe9b3 entry-content-wrapper main_color av-flex-cells  avia-builder-el-12  el_after_av_layout_row  el_before_av_layout_row  grid-row-not-first  container_wrap fullsize'  >\n\n<style type=\"text\/css\" data-created_by=\"avia_inline_auto\" id=\"style-css-av-dslid-99cacc3e10d42f3dca109345a407d47c\">\n.flex_cell.av-dslid-99cacc3e10d42f3dca109345a407d47c{\nvertical-align:middle;\n}\n.responsive #top #wrap_all .flex_cell.av-dslid-99cacc3e10d42f3dca109345a407d47c{\npadding:100px 100px 100px 100px !important;\n}\n<\/style>\n<div class='flex_cell av-dslid-99cacc3e10d42f3dca109345a407d47c av-gridrow-cell av_one_half no_margin  avia-builder-el-13  el_before_av_cell_one_half  avia-builder-el-first  content-align-middle avia-full-contain'  ><div class='flex_cell_inner'><p>\n<style type=\"text\/css\" data-created_by=\"avia_inline_auto\" id=\"style-css-av-lhtf3bas-3da30db7d33e452e22ac704efd5ca336\">\n#top .av-special-heading.av-lhtf3bas-3da30db7d33e452e22ac704efd5ca336{\npadding-bottom:20px;\nfont-size:50px;\n}\nbody .av-special-heading.av-lhtf3bas-3da30db7d33e452e22ac704efd5ca336 .av-special-heading-tag .heading-char{\nfont-size:25px;\n}\n#top #wrap_all .av-special-heading.av-lhtf3bas-3da30db7d33e452e22ac704efd5ca336 .av-special-heading-tag{\nfont-size:50px;\n}\n.av-special-heading.av-lhtf3bas-3da30db7d33e452e22ac704efd5ca336 .av-subheading{\nfont-size:15px;\n}\n\n@media only screen and (min-width: 480px) and (max-width: 767px){ \n#top #wrap_all .av-special-heading.av-lhtf3bas-3da30db7d33e452e22ac704efd5ca336 .av-special-heading-tag{\nfont-size:0.8em;\n}\n}\n\n@media only screen and (max-width: 479px){ \n#top #wrap_all .av-special-heading.av-lhtf3bas-3da30db7d33e452e22ac704efd5ca336 .av-special-heading-tag{\nfont-size:0.8em;\n}\n}\n<\/style>\n<div  class='av-special-heading av-lhtf3bas-3da30db7d33e452e22ac704efd5ca336 av-special-heading-h1 blockquote modern-quote  avia-builder-el-14  el_before_av_textblock  avia-builder-el-first  av-inherit-size'><h1 class='av-special-heading-tag '  itemprop=\"headline\"  >El <u>Terroir<\/u><\/h1><div class=\"special-heading-border\"><div class=\"special-heading-inner-border\"><\/div><\/div><\/div><br \/>\n<section  class='av_textblock_section av-6v9fh-ebd013bc93178b4c3b90600d7b08bdc6 '   itemscope=\"itemscope\" itemtype=\"https:\/\/schema.org\/CreativeWork\" ><div class='avia_textblock'  itemprop=\"text\" ><p>El terroir de l&#8217;Arbo\u00e7 es un elemento clave que determina la calidad y el car\u00e1cter \u00fanico de los vinos producidos en esta regi\u00f3n de Catalu\u00f1a, Espa\u00f1a. El clima mediterr\u00e1neo con influencias continentales, los suelos calc\u00e1reos y arcillosos, as\u00ed como la topograf\u00eda monta\u00f1osa con terrazas de cultivo, crean condiciones ideales para estas variedades de uva aut\u00f3ctonas. La combinaci\u00f3n de estos factores, junto con las t\u00e9cnicas tradicionales de cultivo y elaboraci\u00f3n del cava, resulta en productos complejos y con personalidad que se caracterizan por su equilibrio y sus aromas. El terroir de l&#8217;Arbo\u00e7 es un verdadero tesoro enol\u00f3gico que ha sido valorado por los productores y amantes del vino durante siglos.<\/p>\n<\/div><\/section><\/p>\n<\/div><\/div>\n<style type=\"text\/css\" data-created_by=\"avia_inline_auto\" id=\"style-css-av-lhtf12fc-0f7d972d5baffc63d67e47e66c19723d\">\n.flex_cell.av-lhtf12fc-0f7d972d5baffc63d67e47e66c19723d{\nvertical-align:middle;\nbackground:url(https:\/\/www.cellersarboc.com\/wp-content\/uploads\/2023\/06\/nosotros-terroir.jpg) 50% 0% no-repeat scroll ;\n}\n<\/style>\n<div class='flex_cell av-lhtf12fc-0f7d972d5baffc63d67e47e66c19723d av-gridrow-cell av_one_half no_margin  avia-builder-el-16  el_after_av_cell_one_half  avia-builder-el-last  content-align-middle avia-full-stretch'  ><div class='flex_cell_inner'><\/div><\/div><\/div><div id='welcome'  class='av-layout-grid-container av-51seyl-86a89de4edf3f6c813e6b7141a1ddd13 entry-content-wrapper main_color av-fixed-cells  avia-builder-el-17  el_after_av_layout_row  avia-builder-el-last  grid-row-not-first  container_wrap fullsize'  >\n\n<style type=\"text\/css\" data-created_by=\"avia_inline_auto\" id=\"style-css-av-4vwbxh-1d9e832f0d7062bbb97e261a36831b46\">\n.flex_cell.av-4vwbxh-1d9e832f0d7062bbb97e261a36831b46{\nvertical-align:top;\nheight:15px;\nmin-height:15px;\nbackground-color:#dda759;\n}\n.responsive #top #wrap_all .flex_cell.av-4vwbxh-1d9e832f0d7062bbb97e261a36831b46{\npadding:0px 0px 0px 0px !important;\n}\n<\/style>\n<div class='flex_cell av-4vwbxh-1d9e832f0d7062bbb97e261a36831b46 av-gridrow-cell av_one_full no_margin  avia-builder-el-18  avia-builder-el-no-sibling  content-align-top av-zero-padding'  ><div class='flex_cell_inner'><\/div><\/div>\n<\/div><\/p>\n","protected":false},"excerpt":{"rendered":"","protected":false},"author":2,"featured_media":0,"parent":0,"menu_order":2,"comment_status":"closed","ping_status":"closed","template":"","meta":{"footnotes":""},"class_list":["post-1278","page","type-page","status-publish","hentry"],"yoast_head":"<!-- This site is optimized with the Yoast SEO plugin v26.1 - https:\/\/yoast.com\/wordpress\/plugins\/seo\/ -->\n<title>Nosotros - Cellers de l&#039;Arbo\u00e7<\/title>\n<meta name=\"robots\" content=\"index, follow, max-snippet:-1, max-image-preview:large, max-video-preview:-1\" \/>\n<link rel=\"canonical\" href=\"https:\/\/www.cellersarboc.com\/es\/nosotros\/\" \/>\n<meta property=\"og:locale\" content=\"es_ES\" \/>\n<meta property=\"og:type\" content=\"article\" \/>\n<meta property=\"og:title\" content=\"Nosotros - Cellers de l&#039;Arbo\u00e7\" \/>\n<meta property=\"og:url\" content=\"https:\/\/www.cellersarboc.com\/es\/nosotros\/\" \/>\n<meta property=\"og:site_name\" content=\"Cellers de l&#039;Arbo\u00e7\" \/>\n<meta property=\"article:modified_time\" content=\"2023-07-11T23:14:04+00:00\" \/>\n<meta name=\"twitter:card\" content=\"summary_large_image\" \/>\n<meta name=\"twitter:label1\" content=\"Tiempo de lectura\" \/>\n\t<meta name=\"twitter:data1\" content=\"5 minutos\" \/>\n<script type=\"application\/ld+json\" class=\"yoast-schema-graph\">{\"@context\":\"https:\/\/schema.org\",\"@graph\":[{\"@type\":\"WebPage\",\"@id\":\"https:\/\/www.cellersarboc.com\/es\/nosotros\/\",\"url\":\"https:\/\/www.cellersarboc.com\/es\/nosotros\/\",\"name\":\"Nosotros - Cellers de l&#039;Arbo\u00e7\",\"isPartOf\":{\"@id\":\"https:\/\/www.cellersarboc.com\/es\/#website\"},\"datePublished\":\"2016-05-23T08:30:12+00:00\",\"dateModified\":\"2023-07-11T23:14:04+00:00\",\"breadcrumb\":{\"@id\":\"https:\/\/www.cellersarboc.com\/es\/nosotros\/#breadcrumb\"},\"inLanguage\":\"es\",\"potentialAction\":[{\"@type\":\"ReadAction\",\"target\":[\"https:\/\/www.cellersarboc.com\/es\/nosotros\/\"]}]},{\"@type\":\"BreadcrumbList\",\"@id\":\"https:\/\/www.cellersarboc.com\/es\/nosotros\/#breadcrumb\",\"itemListElement\":[{\"@type\":\"ListItem\",\"position\":1,\"name\":\"Portada\",\"item\":\"https:\/\/www.cellersarboc.com\/es\/inicio\/\"},{\"@type\":\"ListItem\",\"position\":2,\"name\":\"Nosotros\"}]},{\"@type\":\"WebSite\",\"@id\":\"https:\/\/www.cellersarboc.com\/es\/#website\",\"url\":\"https:\/\/www.cellersarboc.com\/es\/\",\"name\":\"Cellers de l&#039;Arbo\u00e7\",\"description\":\"\",\"potentialAction\":[{\"@type\":\"SearchAction\",\"target\":{\"@type\":\"EntryPoint\",\"urlTemplate\":\"https:\/\/www.cellersarboc.com\/es\/?s={search_term_string}\"},\"query-input\":{\"@type\":\"PropertyValueSpecification\",\"valueRequired\":true,\"valueName\":\"search_term_string\"}}],\"inLanguage\":\"es\"}]}<\/script>\n<!-- \/ Yoast SEO plugin. -->","yoast_head_json":{"title":"Nosotros - Cellers de l&#039;Arbo\u00e7","robots":{"index":"index","follow":"follow","max-snippet":"max-snippet:-1","max-image-preview":"max-image-preview:large","max-video-preview":"max-video-preview:-1"},"canonical":"https:\/\/www.cellersarboc.com\/es\/nosotros\/","og_locale":"es_ES","og_type":"article","og_title":"Nosotros - Cellers de l&#039;Arbo\u00e7","og_url":"https:\/\/www.cellersarboc.com\/es\/nosotros\/","og_site_name":"Cellers de l&#039;Arbo\u00e7","article_modified_time":"2023-07-11T23:14:04+00:00","twitter_card":"summary_large_image","twitter_misc":{"Tiempo de lectura":"5 minutos"},"schema":{"@context":"https:\/\/schema.org","@graph":[{"@type":"WebPage","@id":"https:\/\/www.cellersarboc.com\/es\/nosotros\/","url":"https:\/\/www.cellersarboc.com\/es\/nosotros\/","name":"Nosotros - Cellers de l&#039;Arbo\u00e7","isPartOf":{"@id":"https:\/\/www.cellersarboc.com\/es\/#website"},"datePublished":"2016-05-23T08:30:12+00:00","dateModified":"2023-07-11T23:14:04+00:00","breadcrumb":{"@id":"https:\/\/www.cellersarboc.com\/es\/nosotros\/#breadcrumb"},"inLanguage":"es","potentialAction":[{"@type":"ReadAction","target":["https:\/\/www.cellersarboc.com\/es\/nosotros\/"]}]},{"@type":"BreadcrumbList","@id":"https:\/\/www.cellersarboc.com\/es\/nosotros\/#breadcrumb","itemListElement":[{"@type":"ListItem","position":1,"name":"Portada","item":"https:\/\/www.cellersarboc.com\/es\/inicio\/"},{"@type":"ListItem","position":2,"name":"Nosotros"}]},{"@type":"WebSite","@id":"https:\/\/www.cellersarboc.com\/es\/#website","url":"https:\/\/www.cellersarboc.com\/es\/","name":"Cellers de l&#039;Arbo\u00e7","description":"","potentialAction":[{"@type":"SearchAction","target":{"@type":"EntryPoint","urlTemplate":"https:\/\/www.cellersarboc.com\/es\/?s={search_term_string}"},"query-input":{"@type":"PropertyValueSpecification","valueRequired":true,"valueName":"search_term_string"}}],"inLanguage":"es"}]}},"_links":{"self":[{"href":"https:\/\/www.cellersarboc.com\/es\/wp-json\/wp\/v2\/pages\/1278","targetHints":{"allow":["GET"]}}],"collection":[{"href":"https:\/\/www.cellersarboc.com\/es\/wp-json\/wp\/v2\/pages"}],"about":[{"href":"https:\/\/www.cellersarboc.com\/es\/wp-json\/wp\/v2\/types\/page"}],"author":[{"embeddable":true,"href":"https:\/\/www.cellersarboc.com\/es\/wp-json\/wp\/v2\/users\/2"}],"replies":[{"embeddable":true,"href":"https:\/\/www.cellersarboc.com\/es\/wp-json\/wp\/v2\/comments?post=1278"}],"version-history":[{"count":4,"href":"https:\/\/www.cellersarboc.com\/es\/wp-json\/wp\/v2\/pages\/1278\/revisions"}],"predecessor-version":[{"id":1353,"href":"https:\/\/www.cellersarboc.com\/es\/wp-json\/wp\/v2\/pages\/1278\/revisions\/1353"}],"wp:attachment":[{"href":"https:\/\/www.cellersarboc.com\/es\/wp-json\/wp\/v2\/media?parent=1278"}],"curies":[{"name":"wp","href":"https:\/\/api.w.org\/{rel}","templated":true}]}}