{"id":1290,"date":"2016-05-23T10:30:24","date_gmt":"2016-05-23T08:30:24","guid":{"rendered":"https:\/\/www.cellersarboc.com\/contacte\/"},"modified":"2023-07-24T13:40:55","modified_gmt":"2023-07-24T11:40:55","slug":"contacta","status":"publish","type":"page","link":"https:\/\/www.cellersarboc.com\/es\/contacta\/","title":{"rendered":"Contacta"},"content":{"rendered":"<div id='welcome'  class='av-layout-grid-container av-5lcydz-15490c6b174af2ba66a5814d9c07382f entry-content-wrapper main_color av-fixed-cells  avia-builder-el-0  el_before_av_google_map  avia-builder-el-first   container_wrap fullsize'  >\n\n<style type=\"text\/css\" data-created_by=\"avia_inline_auto\" id=\"style-css-av-5eg9gf-79c7f9399f8ff7989f3bc06231bae766\">\n.flex_cell.av-5eg9gf-79c7f9399f8ff7989f3bc06231bae766{\nvertical-align:top;\nheight:15px;\nmin-height:15px;\nbackground-color:#dda759;\n}\n.responsive #top #wrap_all .flex_cell.av-5eg9gf-79c7f9399f8ff7989f3bc06231bae766{\npadding:0px 0px 0px 0px !important;\n}\n<\/style>\n<div class='flex_cell av-5eg9gf-79c7f9399f8ff7989f3bc06231bae766 av-gridrow-cell av_one_full no_margin  avia-builder-el-1  avia-builder-el-no-sibling  content-align-top av-zero-padding'  ><div class='flex_cell_inner'><\/div><\/div>\n<\/div>\n<div  class='av_gmaps_sc_main_wrap av_gmaps_main_wrap '><div id='av_gmap_0' class='avia-google-map-container avia-google-map-sc av_gmaps_show_unconditionally av-no-fallback-img ' data-mapid='av_gmap_0'  style='height: 500px;'><a class=\"av_gmaps_browser_disabled av_text_confirm_link av_text_confirm_link_visible\" href=\"https:\/\/www.google.com\/maps\/search\/?api=1&#038;query=41.28854551847321,1.4870479353174255\" target=\"_blank\">Maps were disabled by the visitor on this site. Click to open the map in a new window.<\/a><\/div><\/div>\n<div id='hello'  class='av-layout-grid-container av-4go31r-f86746b58c97b5f37744b69865eb9448 entry-content-wrapper main_color av-flex-cells  avia-builder-el-3  el_after_av_google_map  el_before_av_layout_row  grid-row-not-first  container_wrap fullsize'  >\n\n<style type=\"text\/css\" data-created_by=\"avia_inline_auto\" id=\"style-css-av-48wmv3-5187ecd80f3fe700e09fa4e8e38a3e12\">\n.flex_cell.av-48wmv3-5187ecd80f3fe700e09fa4e8e38a3e12{\nvertical-align:top;\n}\n.responsive #top #wrap_all .flex_cell.av-48wmv3-5187ecd80f3fe700e09fa4e8e38a3e12{\npadding:100px 100px 100px 100px !important;\n}\n<\/style>\n<div class='flex_cell av-48wmv3-5187ecd80f3fe700e09fa4e8e38a3e12 av-gridrow-cell av_two_fifth no_margin  avia-builder-el-4  el_before_av_cell_three_fifth  avia-builder-el-first  content-align-top'  ><div class='flex_cell_inner'><p>\n<style type=\"text\/css\" data-created_by=\"avia_inline_auto\" id=\"style-css-av-41uv27-772443a969db5010ceaecfc7853786b4\">\n#top .av-special-heading.av-41uv27-772443a969db5010ceaecfc7853786b4{\npadding-bottom:30px;\nfont-size:50px;\n}\nbody .av-special-heading.av-41uv27-772443a969db5010ceaecfc7853786b4 .av-special-heading-tag .heading-char{\nfont-size:25px;\n}\n#top #wrap_all .av-special-heading.av-41uv27-772443a969db5010ceaecfc7853786b4 .av-special-heading-tag{\nfont-size:50px;\n}\n.av-special-heading.av-41uv27-772443a969db5010ceaecfc7853786b4 .av-subheading{\nfont-size:15px;\n}\n\n@media only screen and (min-width: 480px) and (max-width: 767px){ \n#top #wrap_all .av-special-heading.av-41uv27-772443a969db5010ceaecfc7853786b4 .av-special-heading-tag{\nfont-size:0.8em;\n}\n}\n\n@media only screen and (max-width: 479px){ \n#top #wrap_all .av-special-heading.av-41uv27-772443a969db5010ceaecfc7853786b4 .av-special-heading-tag{\nfont-size:0.8em;\n}\n}\n<\/style>\n<div  class='av-special-heading av-41uv27-772443a969db5010ceaecfc7853786b4 av-special-heading-h1 blockquote modern-quote  avia-builder-el-5  el_before_av_textblock  avia-builder-el-first  av-inherit-size'><h1 class='av-special-heading-tag '  itemprop=\"headline\"  ><u>Contacta<\/u> con nosotros<\/h1><div class=\"special-heading-border\"><div class=\"special-heading-inner-border\"><\/div><\/div><\/div><br \/>\n<section  class='av_textblock_section av-3ts5s7-ed87bc215c307bc20365903018977166 '   itemscope=\"itemscope\" itemtype=\"https:\/\/schema.org\/CreativeWork\" ><div class='avia_textblock'  itemprop=\"text\" ><p>Si tienes alguna pregunta, sugerencia o deseas m\u00e1s informaci\u00f3n sobre nuestros cavas y servicios, estaremos encantados de atenderte. En Cellers de l&#8217;Arbo\u00e7, valoramos la comunicaci\u00f3n y la opini\u00f3n de nuestros clientes, y estamos aqu\u00ed para ayudarte en todo el que necesites.<\/p>\n<p>A trav\u00e9s del formulario de contacto que encontrar\u00e1s a continuaci\u00f3n, puedes enviarnos un mensaje con tus consultas o comentarios. Respondemos con diligencia e intentamos ofrecerte una atenci\u00f3n personalizada para satisfacer tus necesidades.<\/p>\n<\/div><\/section><\/p>\n<\/div><\/div>\n<style type=\"text\/css\" data-created_by=\"avia_inline_auto\" id=\"style-css-av-3bpb87-1e1872d8d83514765f055871ffa33535\">\n.flex_cell.av-3bpb87-1e1872d8d83514765f055871ffa33535{\nvertical-align:top;\nbackground-color:#dda759;\n}\n.responsive #top #wrap_all .flex_cell.av-3bpb87-1e1872d8d83514765f055871ffa33535{\npadding:10px 10px 10px 10px !important;\n}\n<\/style>\n<div class='flex_cell av-3bpb87-1e1872d8d83514765f055871ffa33535 av-gridrow-cell av_three_fifth no_margin  avia-builder-el-7  el_after_av_cell_two_fifth  avia-builder-el-last  content-align-top avia-full-stretch'  ><div class='flex_cell_inner'>\n<style type=\"text\/css\" data-created_by=\"avia_inline_auto\" id=\"style-css-av-35rk0f-85f9a585552668c4160118c984b10f1e\">\n.flex_column.av-35rk0f-85f9a585552668c4160118c984b10f1e{\nborder-radius:0px 0px 0px 0px;\npadding:50px 50px 50px 50px;\nbackground-color:#ffffff;\n}\n<\/style>\n<div  class='flex_column av-35rk0f-85f9a585552668c4160118c984b10f1e av_one_full  avia-builder-el-8  avia-builder-el-no-sibling  first flex_column_div avia-full-contain  '     ><form action=\"https:\/\/www.cellersarboc.com\/es\/contacta\/\" method=\"post\" data-fields-with-error=\"Found errors in the following field(s):\" class=\"avia_ajax_form av-form-labels-visible   avia-builder-el-9  avia-builder-el-no-sibling  av-show-form-errors   \" data-avia-form-id=\"1\" data-avia-redirect='' ><fieldset><p class='  first_form  form_element form_fullwidth' id='element_avia_1_1'><label for=\"avia_1_1\">Nombre y apellidos <abbr class=\"required\" title=\"requerido\">*<\/abbr><\/label> <input name=\"avia_1_1\" class=\"text_input is_empty\" type=\"text\" id=\"avia_1_1\" value=\"\" \/><\/p><p class='  first_form  form_element form_element_half' id='element_avia_2_1'><label for=\"avia_2_1\">E-Mail <abbr class=\"required\" title=\"requerido\">*<\/abbr><\/label> <input name=\"avia_2_1\" class=\"text_input is_email\" type=\"text\" id=\"avia_2_1\" value=\"\" \/><\/p><p class='  form_element form_element_half' id='element_avia_3_1'><label for=\"avia_3_1\">Tel\u00e9fono <abbr class=\"required\" title=\"requerido\">*<\/abbr><\/label> <input name=\"avia_3_1\" class=\"text_input is_empty\" type=\"text\" id=\"avia_3_1\" value=\"\" \/><\/p><p class='  first_form  form_element form_fullwidth' id='element_avia_4_1'><label for=\"avia_4_1\" class=\"textare_label hidden textare_label_avia_4_1\">Mensaje <abbr class=\"required\" title=\"requerido\">*<\/abbr><\/label><textarea  name=\"avia_4_1\" class=\"text_area is_empty\" cols=\"40\" rows=\"7\" id=\"avia_4_1\" ><\/textarea><\/p><p class='  first_form  form_element form_fullwidth' id='element_avia_5_1'><input  name=\"avia_5_1\" class=\"input_checkbox is_empty\" type=\"checkbox\" id=\"avia_5_1\" value=\"true\"\/><label class=\"input_checkbox_label\" for=\"avia_5_1\"> Consiento el tratamiento de mis datos. CASTELL D\u2019OR, S.L. tratar\u00e1 sus datos con el fin de responder a sus consultas, dudas o reclamaciones. Puede ejercer los derechos de acceso, rectificaci\u00f3n, supresi\u00f3n, portabilidad, limitaci\u00f3n y oposici\u00f3n, tal y como le informamos en nuestra <a href=\"https:\/\/www.cellersarboc.com\/politica-de-privacitat\/\">Pol\u00edtica de Privacidad<\/a> y <a href=\"https:\/\/www.cellersarboc.com\/avis-legal\/\">Aviso Legal.<\/a> <abbr class=\"required\" title=\"requerido\">*<\/abbr><\/label><\/p><div id='avia_6_1' class='av-form-text'><p>\n[bws_google_captcha]<\/p>\n<\/div><p class=\"hidden\"><input type=\"text\" name=\"avia_7_1\" class=\"hidden \" id=\"avia_7_1\" value=\"\" \/><\/p><p class=\"form_element \"><input type=\"hidden\" value=\"1\" name=\"avia_generated_form1\" \/><input type=\"submit\" value=\"Envia\" class=\"button\"  data-sending-label=\"Enviando\"\/><\/p><\/fieldset><\/form><div id=\"ajaxresponse_1\" class=\"ajaxresponse ajaxresponse_1 hidden\"><\/div><\/div>\n<\/div><\/div><\/div><div id='welcome'  class='av-layout-grid-container av-292x7r-eec33eaba1ca5d0867ad0bfa728dd3b8 entry-content-wrapper main_color av-fixed-cells  avia-builder-el-10  el_after_av_layout_row  el_before_av_section  grid-row-not-first  container_wrap fullsize'  >\n\n<style type=\"text\/css\" data-created_by=\"avia_inline_auto\" id=\"style-css-av-23hpdz-8afd8153bd12ceaaaffeed182d4edc33\">\n.flex_cell.av-23hpdz-8afd8153bd12ceaaaffeed182d4edc33{\nvertical-align:top;\nheight:15px;\nmin-height:15px;\nbackground-color:#dda759;\n}\n.responsive #top #wrap_all .flex_cell.av-23hpdz-8afd8153bd12ceaaaffeed182d4edc33{\npadding:0px 0px 0px 0px !important;\n}\n<\/style>\n<div class='flex_cell av-23hpdz-8afd8153bd12ceaaaffeed182d4edc33 av-gridrow-cell av_one_full no_margin  avia-builder-el-11  avia-builder-el-no-sibling  content-align-top av-zero-padding'  ><div class='flex_cell_inner'><\/div><\/div>\n<\/div><\/p>\n\n<style type=\"text\/css\" data-created_by=\"avia_inline_auto\" id=\"style-css-av-ssgn-ae6d5568045f263811190412b2c8d148\">\n.avia-section.av-ssgn-ae6d5568045f263811190412b2c8d148{\nbackground-repeat:no-repeat;\nbackground-image:url(https:\/\/www.cellersarboc.com\/wp-content\/uploads\/2023\/06\/footer-vineyard-1.jpg);\nbackground-position:50% 0%;\nbackground-attachment:scroll;\n}\n.avia-section.av-ssgn-ae6d5568045f263811190412b2c8d148 .av-section-color-overlay{\nopacity:0.2;\nbackground-color:#dda759;\n}\n<\/style>\n<div id='av_section_1'  class='avia-section av-ssgn-ae6d5568045f263811190412b2c8d148 main_color avia-section-huge avia-no-border-styling  avia-builder-el-12  el_after_av_layout_row  avia-builder-el-last  avia-full-stretch avia-bg-style-scroll av-section-color-overlay-active container_wrap fullsize'  data-section-bg-repeat='stretch'><div class=\"av-section-color-overlay-wrap\"><div class=\"av-section-color-overlay\"><\/div><div class='container av-section-cont-open' ><div class='template-page content  av-content-full alpha units'><div class='post-entry post-entry-type-page post-entry-1290'><div class='entry-content-wrapper clearfix'>\n","protected":false},"excerpt":{"rendered":"","protected":false},"author":2,"featured_media":0,"parent":0,"menu_order":6,"comment_status":"closed","ping_status":"closed","template":"","meta":{"footnotes":""},"class_list":["post-1290","page","type-page","status-publish","hentry"],"yoast_head":"<!-- This site is optimized with the Yoast SEO plugin v26.1 - https:\/\/yoast.com\/wordpress\/plugins\/seo\/ -->\n<title>Contacta - Cellers de l&#039;Arbo\u00e7<\/title>\n<meta name=\"robots\" content=\"index, follow, max-snippet:-1, max-image-preview:large, max-video-preview:-1\" \/>\n<link rel=\"canonical\" href=\"https:\/\/www.cellersarboc.com\/es\/contacta\/\" \/>\n<meta property=\"og:locale\" content=\"es_ES\" \/>\n<meta property=\"og:type\" content=\"article\" \/>\n<meta property=\"og:title\" content=\"Contacta - Cellers de l&#039;Arbo\u00e7\" \/>\n<meta property=\"og:url\" content=\"https:\/\/www.cellersarboc.com\/es\/contacta\/\" \/>\n<meta property=\"og:site_name\" content=\"Cellers de l&#039;Arbo\u00e7\" \/>\n<meta property=\"article:modified_time\" content=\"2023-07-24T11:40:55+00:00\" \/>\n<meta name=\"twitter:card\" content=\"summary_large_image\" \/>\n<meta name=\"twitter:label1\" content=\"Tiempo de lectura\" \/>\n\t<meta name=\"twitter:data1\" content=\"3 minutos\" \/>\n<script type=\"application\/ld+json\" class=\"yoast-schema-graph\">{\"@context\":\"https:\/\/schema.org\",\"@graph\":[{\"@type\":\"WebPage\",\"@id\":\"https:\/\/www.cellersarboc.com\/es\/contacta\/\",\"url\":\"https:\/\/www.cellersarboc.com\/es\/contacta\/\",\"name\":\"Contacta - Cellers de l&#039;Arbo\u00e7\",\"isPartOf\":{\"@id\":\"https:\/\/www.cellersarboc.com\/es\/#website\"},\"datePublished\":\"2016-05-23T08:30:24+00:00\",\"dateModified\":\"2023-07-24T11:40:55+00:00\",\"breadcrumb\":{\"@id\":\"https:\/\/www.cellersarboc.com\/es\/contacta\/#breadcrumb\"},\"inLanguage\":\"es\",\"potentialAction\":[{\"@type\":\"ReadAction\",\"target\":[\"https:\/\/www.cellersarboc.com\/es\/contacta\/\"]}]},{\"@type\":\"BreadcrumbList\",\"@id\":\"https:\/\/www.cellersarboc.com\/es\/contacta\/#breadcrumb\",\"itemListElement\":[{\"@type\":\"ListItem\",\"position\":1,\"name\":\"Portada\",\"item\":\"https:\/\/www.cellersarboc.com\/es\/inicio\/\"},{\"@type\":\"ListItem\",\"position\":2,\"name\":\"Contacta\"}]},{\"@type\":\"WebSite\",\"@id\":\"https:\/\/www.cellersarboc.com\/es\/#website\",\"url\":\"https:\/\/www.cellersarboc.com\/es\/\",\"name\":\"Cellers de l&#039;Arbo\u00e7\",\"description\":\"\",\"potentialAction\":[{\"@type\":\"SearchAction\",\"target\":{\"@type\":\"EntryPoint\",\"urlTemplate\":\"https:\/\/www.cellersarboc.com\/es\/?s={search_term_string}\"},\"query-input\":{\"@type\":\"PropertyValueSpecification\",\"valueRequired\":true,\"valueName\":\"search_term_string\"}}],\"inLanguage\":\"es\"}]}<\/script>\n<!-- \/ Yoast SEO plugin. -->","yoast_head_json":{"title":"Contacta - Cellers de l&#039;Arbo\u00e7","robots":{"index":"index","follow":"follow","max-snippet":"max-snippet:-1","max-image-preview":"max-image-preview:large","max-video-preview":"max-video-preview:-1"},"canonical":"https:\/\/www.cellersarboc.com\/es\/contacta\/","og_locale":"es_ES","og_type":"article","og_title":"Contacta - Cellers de l&#039;Arbo\u00e7","og_url":"https:\/\/www.cellersarboc.com\/es\/contacta\/","og_site_name":"Cellers de l&#039;Arbo\u00e7","article_modified_time":"2023-07-24T11:40:55+00:00","twitter_card":"summary_large_image","twitter_misc":{"Tiempo de lectura":"3 minutos"},"schema":{"@context":"https:\/\/schema.org","@graph":[{"@type":"WebPage","@id":"https:\/\/www.cellersarboc.com\/es\/contacta\/","url":"https:\/\/www.cellersarboc.com\/es\/contacta\/","name":"Contacta - Cellers de l&#039;Arbo\u00e7","isPartOf":{"@id":"https:\/\/www.cellersarboc.com\/es\/#website"},"datePublished":"2016-05-23T08:30:24+00:00","dateModified":"2023-07-24T11:40:55+00:00","breadcrumb":{"@id":"https:\/\/www.cellersarboc.com\/es\/contacta\/#breadcrumb"},"inLanguage":"es","potentialAction":[{"@type":"ReadAction","target":["https:\/\/www.cellersarboc.com\/es\/contacta\/"]}]},{"@type":"BreadcrumbList","@id":"https:\/\/www.cellersarboc.com\/es\/contacta\/#breadcrumb","itemListElement":[{"@type":"ListItem","position":1,"name":"Portada","item":"https:\/\/www.cellersarboc.com\/es\/inicio\/"},{"@type":"ListItem","position":2,"name":"Contacta"}]},{"@type":"WebSite","@id":"https:\/\/www.cellersarboc.com\/es\/#website","url":"https:\/\/www.cellersarboc.com\/es\/","name":"Cellers de l&#039;Arbo\u00e7","description":"","potentialAction":[{"@type":"SearchAction","target":{"@type":"EntryPoint","urlTemplate":"https:\/\/www.cellersarboc.com\/es\/?s={search_term_string}"},"query-input":{"@type":"PropertyValueSpecification","valueRequired":true,"valueName":"search_term_string"}}],"inLanguage":"es"}]}},"_links":{"self":[{"href":"https:\/\/www.cellersarboc.com\/es\/wp-json\/wp\/v2\/pages\/1290","targetHints":{"allow":["GET"]}}],"collection":[{"href":"https:\/\/www.cellersarboc.com\/es\/wp-json\/wp\/v2\/pages"}],"about":[{"href":"https:\/\/www.cellersarboc.com\/es\/wp-json\/wp\/v2\/types\/page"}],"author":[{"embeddable":true,"href":"https:\/\/www.cellersarboc.com\/es\/wp-json\/wp\/v2\/users\/2"}],"replies":[{"embeddable":true,"href":"https:\/\/www.cellersarboc.com\/es\/wp-json\/wp\/v2\/comments?post=1290"}],"version-history":[{"count":12,"href":"https:\/\/www.cellersarboc.com\/es\/wp-json\/wp\/v2\/pages\/1290\/revisions"}],"predecessor-version":[{"id":1686,"href":"https:\/\/www.cellersarboc.com\/es\/wp-json\/wp\/v2\/pages\/1290\/revisions\/1686"}],"wp:attachment":[{"href":"https:\/\/www.cellersarboc.com\/es\/wp-json\/wp\/v2\/media?parent=1290"}],"curies":[{"name":"wp","href":"https:\/\/api.w.org\/{rel}","templated":true}]}}