{"id":1296,"date":"2023-06-06T09:48:03","date_gmt":"2023-06-06T07:48:03","guid":{"rendered":"https:\/\/www.cellersarboc.com\/politica-de-cookies\/"},"modified":"2023-07-17T18:29:35","modified_gmt":"2023-07-17T16:29:35","slug":"politica-de-cookies","status":"publish","type":"page","link":"https:\/\/www.cellersarboc.com\/es\/politica-de-cookies\/","title":{"rendered":"Pol\u00edtica de cookies"},"content":{"rendered":"<div id='welcome'  class='av-layout-grid-container av-b4hv-3c302876d7d8cb9d1da8109155416110 entry-content-wrapper main_color av-fixed-cells  avia-builder-el-0  el_before_av_section  avia-builder-el-first   container_wrap fullsize'  >\n\n<style type=\"text\/css\" data-created_by=\"avia_inline_auto\" id=\"style-css-av-ano1-58a5a2c455df50b065968b4fa5dcd59b\">\n.flex_cell.av-ano1-58a5a2c455df50b065968b4fa5dcd59b{\nvertical-align:top;\nheight:15px;\nmin-height:15px;\nbackground-color:#dda759;\n}\n.responsive #top #wrap_all .flex_cell.av-ano1-58a5a2c455df50b065968b4fa5dcd59b{\npadding:0px 0px 0px 0px !important;\n}\n<\/style>\n<div class='flex_cell av-ano1-58a5a2c455df50b065968b4fa5dcd59b av-gridrow-cell av_one_full no_margin  avia-builder-el-1  avia-builder-el-no-sibling  content-align-top av-zero-padding'  ><div class='flex_cell_inner'><\/div><\/div>\n<\/div>\n<div id='av_section_1'  class='avia-section av-8jjr-56a1990864a58c86dec99ccb0b870fbc main_color avia-section-default avia-no-border-styling  avia-builder-el-2  el_after_av_layout_row  el_before_av_layout_row  avia-bg-style-scroll container_wrap fullsize'  ><div class='container av-section-cont-open' ><div class='template-page content  av-content-full alpha units'><div class='post-entry post-entry-type-page post-entry-1296'><div class='entry-content-wrapper clearfix'>\n\n<style type=\"text\/css\" data-created_by=\"avia_inline_auto\" id=\"style-css-av-liirzs51-aaf739cc6c461f1c4b6ea07d686c42ab\">\n#top .av-special-heading.av-liirzs51-aaf739cc6c461f1c4b6ea07d686c42ab{\npadding-bottom:10px;\nfont-size:50px;\n}\nbody .av-special-heading.av-liirzs51-aaf739cc6c461f1c4b6ea07d686c42ab .av-special-heading-tag .heading-char{\nfont-size:25px;\n}\n#top #wrap_all .av-special-heading.av-liirzs51-aaf739cc6c461f1c4b6ea07d686c42ab .av-special-heading-tag{\nfont-size:50px;\n}\n.av-special-heading.av-liirzs51-aaf739cc6c461f1c4b6ea07d686c42ab .av-subheading{\nfont-size:15px;\n}\n\n@media only screen and (min-width: 480px) and (max-width: 767px){ \n#top #wrap_all .av-special-heading.av-liirzs51-aaf739cc6c461f1c4b6ea07d686c42ab .av-special-heading-tag{\nfont-size:0.8em;\n}\n}\n\n@media only screen and (max-width: 479px){ \n#top #wrap_all .av-special-heading.av-liirzs51-aaf739cc6c461f1c4b6ea07d686c42ab .av-special-heading-tag{\nfont-size:0.8em;\n}\n}\n<\/style>\n<div  class='av-special-heading av-liirzs51-aaf739cc6c461f1c4b6ea07d686c42ab av-special-heading-h1 blockquote modern-quote  avia-builder-el-3  el_before_av_textblock  avia-builder-el-first  av-inherit-size'><h1 class='av-special-heading-tag '  itemprop=\"headline\"  >Pol\u00edtica de <u>cookies<\/u><\/h1><div class=\"special-heading-border\"><div class=\"special-heading-inner-border\"><\/div><\/div><\/div>\n<section  class='av_textblock_section av-liis1lyx-2e6ba3d03daf9da451bfa0c9ef9d6832 '   itemscope=\"itemscope\" itemtype=\"https:\/\/schema.org\/CreativeWork\" ><div class='avia_textblock'  itemprop=\"text\" ><div class='av-privacy-popup-button-wrap '><a href='#' class='avia-button avia-cookie-consent-button av-extra-cookie-btn avia-cookie-info-btn ' >Modificar la configuraci\u00f3 de l&#8217;\u00fas de les cookies<\/a><\/div>\n<p>Debido a la entrada en vigor de la modificaci\u00f3n de la \u00abLey de Servicios de la Sociedad de la Informaci\u00f3n\u00bb (LSSICE) establecida por el Real decreto 13\/2012, es de obligaci\u00f3n obtener el consentimiento expreso del usuario de todas las p\u00e1ginas web que utilizan\u00a0<em>cookies<\/em>\u00a0antes de que \u00e9ste navegue por ellas.<\/p>\n<h3>\u00bfQu\u00e9 son las\u00a0<em>cookies<\/em>?<\/h3>\n<p>Las\u00a0<em>cookies<\/em>\u00a0y otras tecnolog\u00edas similares tales como\u00a0<em>local shared objects, flash cookies o p\u00edxeles<\/em>, son herramientas empleadas por los servidores web para almacenar y recuperar informaci\u00f3n sobre sus visitantes, as\u00ed como para ofrecer un correcto funcionamiento del sitio.<\/p>\n<p>Mediante el uso de estos dispositivos se permite al servidor web recordar algunos datos concernientes al usuario, como sus preferencias para la visualizaci\u00f3n de las p\u00e1ginas de este servidor, productos que m\u00e1s le interesan, etc.<\/p>\n<h3><em>Cookies<\/em>\u00a0afectadas por la normativa y\u00a0<em>cookies<\/em>\u00a0exceptuadas<\/h3>\n<p>Seg\u00fan la directiva de la UE, las\u00a0<em>cookies<\/em>\u00a0que requieren el consentimiento informado por parte del usuario son las\u00a0<em>cookies<\/em>\u00a0de anal\u00edtica y las de publicidad y afiliaci\u00f3n, quedando exceptuadas las de car\u00e1cter t\u00e9cnico y aquellas necesarias para la prestaci\u00f3n de un servicio expresamente pedido por el usuario.<\/p>\n<h3>\u00bfQu\u00e9 tipos de\u00a0<em>cookies<\/em>\u00a0hay?<\/h3>\n<p>Las\u00a0<em>cookies<\/em>\u00a0se pueden agrupar en cinco grandes grupos:<\/p>\n<p>\u2022\u00a0<em>Cookies<\/em>\u00a0anal\u00edticas: recogen informaci\u00f3n del uso que se realiza del sitio web.<\/p>\n<p>\u2022\u00a0<em>Cookies<\/em>\u00a0sociales: son aquellas necesarias para redes sociales externas.<\/p>\n<p>\u2022\u00a0<em>Cookies<\/em>\u00a0de afiliados: permiten hacer un seguimiento de las visitas procedentes de otros sitios web, con las que el sitio web establece un contrato de afiliaci\u00f3n (empresas de afiliaci\u00f3n).<\/p>\n<p>\u2022\u00a0<em>Cookies<\/em>\u00a0de publicidad y comportamentales: recogen informaci\u00f3n sobre las preferencias y elecciones personales del usuario (retargeting).<\/p>\n<p>\u2022\u00a0<em>Cookies<\/em>\u00a0t\u00e9cnicas y funcionales: son las estrictamente necesarias para el uso del sitio web y para la prestaci\u00f3n del servicio contratado.<\/p>\n<h3><em>Cookies<\/em>\u00a0que utiliza nuestro sitio web<\/h3>\n<p>Nuestro sitio web utiliza\u00a0<em>cookies<\/em>\u00a0de los diferentes tipos mencionados en el apartado anterior.<\/p>\n<h3>Administraci\u00f3n de\u00a0<em>cookies<\/em><\/h3>\n<p>Puedes permitir, bloquear o eliminar las cookies instaladas en tu ordenador mediante la configuraci\u00f3n de las opciones de tu navegador.<\/p>\n<p>\u2022 Para m\u00e1s informaci\u00f3n sobre el navegador\u00a0<em>Firefox<\/em>\u00a0visite el siguiente enlace:<br \/>\nhttps:\/\/support.mozilla.org\/<\/p>\n<p>\u2022 Para m\u00e1s informaci\u00f3n sobre el navegador\u00a0<em>Chrome<\/em>\u00a0visite el siguiente enlace:<br \/>\nhttps:\/\/support.google.com\/<\/p>\n<p>\u2022 Para m\u00e1s informaci\u00f3n sobre el navegador\u00a0<em>Explorer<\/em>\u00a0visite el siguiente enlace:<br \/>\nhttps:\/\/support.microsoft.com\/<\/p>\n<p>\u2022 Para m\u00e1s informaci\u00f3n sobre el navegador\u00a0<em>Safari<\/em>\u00a0visite el siguiente enlace:<br \/>\nhttps:\/\/support.apple.com\/<\/p>\n<p>\u2022 Para m\u00e1s informaci\u00f3n sobre el navegador\u00a0<em>Opera<\/em>\u00a0visite el siguiente enlace:<br \/>\nhttps:\/\/help.opera.com\/<\/p>\n<\/div><\/section>\n<\/div><\/div><\/div><!-- close content main div --><\/div><\/div><div id='welcome'  class='av-layout-grid-container av-k3f-bd21777d648cb5f8a4dabf9d2f25b651 entry-content-wrapper main_color av-fixed-cells  avia-builder-el-5  el_after_av_section  el_before_av_section  grid-row-not-first  container_wrap fullsize'  >\n\n<style type=\"text\/css\" data-created_by=\"avia_inline_auto\" id=\"style-css-av-2oox-de5081775d287cccbf3f4706e8ae6fc9\">\n.flex_cell.av-2oox-de5081775d287cccbf3f4706e8ae6fc9{\nvertical-align:top;\nheight:15px;\nmin-height:15px;\nbackground-color:#dda759;\n}\n.responsive #top #wrap_all .flex_cell.av-2oox-de5081775d287cccbf3f4706e8ae6fc9{\npadding:0px 0px 0px 0px !important;\n}\n<\/style>\n<div class='flex_cell av-2oox-de5081775d287cccbf3f4706e8ae6fc9 av-gridrow-cell av_one_full no_margin  avia-builder-el-6  avia-builder-el-no-sibling  content-align-top av-zero-padding'  ><div class='flex_cell_inner'><\/div><\/div>\n<\/div><\/p>\n\n<style type=\"text\/css\" data-created_by=\"avia_inline_auto\" id=\"style-css-av-bv5yy-6ab1390ce65b218054e4d7097a6ad88a\">\n.avia-section.av-bv5yy-6ab1390ce65b218054e4d7097a6ad88a{\nbackground-repeat:no-repeat;\nbackground-image:url(https:\/\/www.cellersarboc.com\/wp-content\/uploads\/2023\/06\/footer-vineyard-1.jpg);\nbackground-position:50% 0%;\nbackground-attachment:scroll;\n}\n.avia-section.av-bv5yy-6ab1390ce65b218054e4d7097a6ad88a .av-section-color-overlay{\nopacity:0.2;\nbackground-color:#dda759;\n}\n<\/style>\n<div id='av_section_2'  class='avia-section av-bv5yy-6ab1390ce65b218054e4d7097a6ad88a main_color avia-section-huge avia-no-border-styling  avia-builder-el-7  el_after_av_layout_row  avia-builder-el-last  avia-full-stretch avia-bg-style-scroll av-section-color-overlay-active container_wrap fullsize'  data-section-bg-repeat='stretch'><div class=\"av-section-color-overlay-wrap\"><div class=\"av-section-color-overlay\"><\/div><div class='container av-section-cont-open' ><div class='template-page content  av-content-full alpha units'><div class='post-entry post-entry-type-page post-entry-1296'><div class='entry-content-wrapper clearfix'>\n","protected":false},"excerpt":{"rendered":"","protected":false},"author":2,"featured_media":0,"parent":0,"menu_order":21,"comment_status":"closed","ping_status":"closed","template":"","meta":{"footnotes":""},"class_list":["post-1296","page","type-page","status-publish","hentry"],"yoast_head":"<!-- This site is optimized with the Yoast SEO plugin v26.1 - https:\/\/yoast.com\/wordpress\/plugins\/seo\/ -->\n<title>Pol\u00edtica de cookies - Cellers de l&#039;Arbo\u00e7<\/title>\n<meta name=\"robots\" content=\"index, follow, max-snippet:-1, max-image-preview:large, max-video-preview:-1\" \/>\n<link rel=\"canonical\" href=\"https:\/\/www.cellersarboc.com\/es\/politica-de-cookies\/\" \/>\n<meta property=\"og:locale\" content=\"es_ES\" \/>\n<meta property=\"og:type\" content=\"article\" \/>\n<meta property=\"og:title\" content=\"Pol\u00edtica de cookies - Cellers de l&#039;Arbo\u00e7\" \/>\n<meta property=\"og:url\" content=\"https:\/\/www.cellersarboc.com\/es\/politica-de-cookies\/\" \/>\n<meta property=\"og:site_name\" content=\"Cellers de l&#039;Arbo\u00e7\" \/>\n<meta property=\"article:modified_time\" content=\"2023-07-17T16:29:35+00:00\" \/>\n<meta name=\"twitter:card\" content=\"summary_large_image\" \/>\n<meta name=\"twitter:label1\" content=\"Tiempo de lectura\" \/>\n\t<meta name=\"twitter:data1\" content=\"4 minutos\" \/>\n<script type=\"application\/ld+json\" class=\"yoast-schema-graph\">{\"@context\":\"https:\/\/schema.org\",\"@graph\":[{\"@type\":\"WebPage\",\"@id\":\"https:\/\/www.cellersarboc.com\/es\/politica-de-cookies\/\",\"url\":\"https:\/\/www.cellersarboc.com\/es\/politica-de-cookies\/\",\"name\":\"Pol\u00edtica de cookies - Cellers de l&#039;Arbo\u00e7\",\"isPartOf\":{\"@id\":\"https:\/\/www.cellersarboc.com\/es\/#website\"},\"datePublished\":\"2023-06-06T07:48:03+00:00\",\"dateModified\":\"2023-07-17T16:29:35+00:00\",\"breadcrumb\":{\"@id\":\"https:\/\/www.cellersarboc.com\/es\/politica-de-cookies\/#breadcrumb\"},\"inLanguage\":\"es\",\"potentialAction\":[{\"@type\":\"ReadAction\",\"target\":[\"https:\/\/www.cellersarboc.com\/es\/politica-de-cookies\/\"]}]},{\"@type\":\"BreadcrumbList\",\"@id\":\"https:\/\/www.cellersarboc.com\/es\/politica-de-cookies\/#breadcrumb\",\"itemListElement\":[{\"@type\":\"ListItem\",\"position\":1,\"name\":\"Portada\",\"item\":\"https:\/\/www.cellersarboc.com\/es\/inicio\/\"},{\"@type\":\"ListItem\",\"position\":2,\"name\":\"Pol\u00edtica de cookies\"}]},{\"@type\":\"WebSite\",\"@id\":\"https:\/\/www.cellersarboc.com\/es\/#website\",\"url\":\"https:\/\/www.cellersarboc.com\/es\/\",\"name\":\"Cellers de l&#039;Arbo\u00e7\",\"description\":\"\",\"potentialAction\":[{\"@type\":\"SearchAction\",\"target\":{\"@type\":\"EntryPoint\",\"urlTemplate\":\"https:\/\/www.cellersarboc.com\/es\/?s={search_term_string}\"},\"query-input\":{\"@type\":\"PropertyValueSpecification\",\"valueRequired\":true,\"valueName\":\"search_term_string\"}}],\"inLanguage\":\"es\"}]}<\/script>\n<!-- \/ Yoast SEO plugin. -->","yoast_head_json":{"title":"Pol\u00edtica de cookies - Cellers de l&#039;Arbo\u00e7","robots":{"index":"index","follow":"follow","max-snippet":"max-snippet:-1","max-image-preview":"max-image-preview:large","max-video-preview":"max-video-preview:-1"},"canonical":"https:\/\/www.cellersarboc.com\/es\/politica-de-cookies\/","og_locale":"es_ES","og_type":"article","og_title":"Pol\u00edtica de cookies - Cellers de l&#039;Arbo\u00e7","og_url":"https:\/\/www.cellersarboc.com\/es\/politica-de-cookies\/","og_site_name":"Cellers de l&#039;Arbo\u00e7","article_modified_time":"2023-07-17T16:29:35+00:00","twitter_card":"summary_large_image","twitter_misc":{"Tiempo de lectura":"4 minutos"},"schema":{"@context":"https:\/\/schema.org","@graph":[{"@type":"WebPage","@id":"https:\/\/www.cellersarboc.com\/es\/politica-de-cookies\/","url":"https:\/\/www.cellersarboc.com\/es\/politica-de-cookies\/","name":"Pol\u00edtica de cookies - Cellers de l&#039;Arbo\u00e7","isPartOf":{"@id":"https:\/\/www.cellersarboc.com\/es\/#website"},"datePublished":"2023-06-06T07:48:03+00:00","dateModified":"2023-07-17T16:29:35+00:00","breadcrumb":{"@id":"https:\/\/www.cellersarboc.com\/es\/politica-de-cookies\/#breadcrumb"},"inLanguage":"es","potentialAction":[{"@type":"ReadAction","target":["https:\/\/www.cellersarboc.com\/es\/politica-de-cookies\/"]}]},{"@type":"BreadcrumbList","@id":"https:\/\/www.cellersarboc.com\/es\/politica-de-cookies\/#breadcrumb","itemListElement":[{"@type":"ListItem","position":1,"name":"Portada","item":"https:\/\/www.cellersarboc.com\/es\/inicio\/"},{"@type":"ListItem","position":2,"name":"Pol\u00edtica de cookies"}]},{"@type":"WebSite","@id":"https:\/\/www.cellersarboc.com\/es\/#website","url":"https:\/\/www.cellersarboc.com\/es\/","name":"Cellers de l&#039;Arbo\u00e7","description":"","potentialAction":[{"@type":"SearchAction","target":{"@type":"EntryPoint","urlTemplate":"https:\/\/www.cellersarboc.com\/es\/?s={search_term_string}"},"query-input":{"@type":"PropertyValueSpecification","valueRequired":true,"valueName":"search_term_string"}}],"inLanguage":"es"}]}},"_links":{"self":[{"href":"https:\/\/www.cellersarboc.com\/es\/wp-json\/wp\/v2\/pages\/1296","targetHints":{"allow":["GET"]}}],"collection":[{"href":"https:\/\/www.cellersarboc.com\/es\/wp-json\/wp\/v2\/pages"}],"about":[{"href":"https:\/\/www.cellersarboc.com\/es\/wp-json\/wp\/v2\/types\/page"}],"author":[{"embeddable":true,"href":"https:\/\/www.cellersarboc.com\/es\/wp-json\/wp\/v2\/users\/2"}],"replies":[{"embeddable":true,"href":"https:\/\/www.cellersarboc.com\/es\/wp-json\/wp\/v2\/comments?post=1296"}],"version-history":[{"count":6,"href":"https:\/\/www.cellersarboc.com\/es\/wp-json\/wp\/v2\/pages\/1296\/revisions"}],"predecessor-version":[{"id":1539,"href":"https:\/\/www.cellersarboc.com\/es\/wp-json\/wp\/v2\/pages\/1296\/revisions\/1539"}],"wp:attachment":[{"href":"https:\/\/www.cellersarboc.com\/es\/wp-json\/wp\/v2\/media?parent=1296"}],"curies":[{"name":"wp","href":"https:\/\/api.w.org\/{rel}","templated":true}]}}